{"id":74,"date":"2017-12-08T10:45:54","date_gmt":"2017-12-08T09:45:54","guid":{"rendered":"https:\/\/www.parkhotel-del-mar.de\/?page_id=74"},"modified":"2026-04-04T11:53:36","modified_gmt":"2026-04-04T09:53:36","slug":"unser-haus","status":"publish","type":"page","link":"https:\/\/www.parkhotel-del-mar.de\/","title":{"rendered":"Unser Haus"},"content":{"rendered":"<p>[et_pb_section fb_built=&#8220;1&#8243; fullwidth=&#8220;on&#8220; _builder_version=&#8220;4.16&#8243; global_colors_info=&#8220;{}&#8220;][et_pb_fullwidth_image src=&#8220;\/wp-content\/uploads\/2017\/12\/u02home-header.jpg&#8220; _builder_version=&#8220;4.16&#8243; global_colors_info=&#8220;{}&#8220;][\/et_pb_fullwidth_image][\/et_pb_section][et_pb_section fb_built=&#8220;1&#8243; module_id=&#8220;buchungsleiste&#8220; _builder_version=&#8220;3.0.91&#8243; global_module=&#8220;833&#8243; global_colors_info=&#8220;{}&#8220;][et_pb_row module_class=&#8220;quickbooking&#8220; _builder_version=&#8220;4.18.0&#8243; custom_margin=&#8220;||||true|false&#8220; global_colors_info=&#8220;{}&#8220;][et_pb_column type=&#8220;4_4&#8243; _builder_version=&#8220;4.16&#8243; custom_padding=&#8220;|||&#8220; global_colors_info=&#8220;{}&#8220; custom_padding__hover=&#8220;|||&#8220;][et_pb_code _builder_version=&#8220;4.16&#8243; global_colors_info=&#8220;{}&#8220;]<\/p>\n<div id=\"d21-quickbook\"><\/div>\n<p>[\/et_pb_code][\/et_pb_column][\/et_pb_row][\/et_pb_section][et_pb_section fb_built=&#8220;1&#8243; _builder_version=&#8220;4.16&#8243; global_colors_info=&#8220;{}&#8220;][et_pb_row column_structure=&#8220;2_3,1_3&#8243; _builder_version=&#8220;4.16&#8243; background_size=&#8220;initial&#8220; background_position=&#8220;top_left&#8220; background_repeat=&#8220;repeat&#8220; global_colors_info=&#8220;{}&#8220;][et_pb_column type=&#8220;2_3&#8243; _builder_version=&#8220;4.16&#8243; custom_padding=&#8220;|||&#8220; global_colors_info=&#8220;{}&#8220; custom_padding__hover=&#8220;|||&#8220;][et_pb_text _builder_version=&#8220;4.16&#8243; global_colors_info=&#8220;{}&#8220;]<\/p>\n<h1>Herzlich Willkommen im<br \/>\nParkhotel del Mar in Sassnitz auf R\u00fcgen<\/h1>\n<p><strong>Zwischen dem gr\u00fcnen Jasmundpark und der blauen Ostsee liegt das familiengef\u00fchrte Parkhotel del Mar auf der Insel R\u00fcgen in Sassnitz.<\/strong><\/p>\n<p>Das komplett sanierte Patrizierhaus bietet 12 komfortable Doppelzimmer, 2 Einzelzimmer, 1 Suiten und 6 Appartements mit K\u00fcchenzeile.<\/p>\n<p>Nutzen Sie kostenlosen Internetzugang (W-LAN) auf Ihrem Zimmer und parken Sie auf dem hoteleigenem Parkplatz, der gl\u00e4serne Fahrstuhl bringt Sie in Ihr Zimmer! <strong>Genie\u00dfen Sie unser reichhaltiges und abwechslungsreiches Fr\u00fchst\u00fccksbuffet als Start in den Tag.<\/strong><\/p>\n<p>Unser Hotel ist der ideale Ausgangspunkt, um die sch\u00f6ne Insel R\u00fcgen zu erkunden. Sie k\u00f6nnen direkt vom Hotel aus zu den ber\u00fchmten <strong>Kreidefelsen<\/strong> wandern oder die romantische <strong>Altstadt<\/strong> und den<strong> Hafen an der langen Seepromenade<\/strong> besuchen.<\/p>\n<p>F\u00fcr die Organisation Ihrer Inselerkundungen stehen wir Ihnen gerne und fachkundig zur Seite. Genie\u00dfen Sie unseren Wellnessbereich mit Trockensauna und Ruheraum.<\/p>\n<p>[\/et_pb_text][et_pb_button button_url=&#8220;\/?page_id=76&#8243; button_text=&#8220;Zu unseren Zimmern&#8220; _builder_version=&#8220;4.16&#8243; global_colors_info=&#8220;{}&#8220; button_text_size__hover_enabled=&#8220;off&#8220; button_one_text_size__hover_enabled=&#8220;off&#8220; button_two_text_size__hover_enabled=&#8220;off&#8220; button_text_color__hover_enabled=&#8220;off&#8220; button_one_text_color__hover_enabled=&#8220;off&#8220; button_two_text_color__hover_enabled=&#8220;off&#8220; button_border_width__hover_enabled=&#8220;off&#8220; button_one_border_width__hover_enabled=&#8220;off&#8220; button_two_border_width__hover_enabled=&#8220;off&#8220; button_border_color__hover_enabled=&#8220;off&#8220; button_one_border_color__hover_enabled=&#8220;off&#8220; button_two_border_color__hover_enabled=&#8220;off&#8220; button_border_radius__hover_enabled=&#8220;off&#8220; button_one_border_radius__hover_enabled=&#8220;off&#8220; button_two_border_radius__hover_enabled=&#8220;off&#8220; button_letter_spacing__hover_enabled=&#8220;off&#8220; button_one_letter_spacing__hover_enabled=&#8220;off&#8220; button_two_letter_spacing__hover_enabled=&#8220;off&#8220; button_bg_color__hover_enabled=&#8220;off&#8220; button_one_bg_color__hover_enabled=&#8220;off&#8220; button_two_bg_color__hover_enabled=&#8220;off&#8220;][\/et_pb_button][\/et_pb_column][et_pb_column type=&#8220;1_3&#8243; _builder_version=&#8220;4.16&#8243; custom_padding=&#8220;|||&#8220; global_colors_info=&#8220;{}&#8220; custom_padding__hover=&#8220;|||&#8220;][et_pb_code module_class=&#8220;highlightbox&#8220; _builder_version=&#8220;3.0.91&#8243; background_color=&#8220;#79b162&#8243; custom_css_main_element=&#8220;color:white;&#8220; global_module=&#8220;741&#8243; saved_tabs=&#8220;all&#8220; global_colors_info=&#8220;{}&#8220;]<\/p>\n<div class=\"highlightbox--center highlightbox--has-icon\"><!-- [et_pb_line_break_holder] --><img decoding=\"async\" src=\"wp-content\/uploads\/2017\/12\/Info.png\" alt=\"Information\" width=\"40px\" height=\"auto\" \/><!-- [et_pb_line_break_holder] --><\/p>\n<h2>Was wir Ihnen bieten:<\/h2>\n<p><!-- [et_pb_line_break_holder] --><\/p>\n<\/div>\n<p><!-- [et_pb_line_break_holder] --><\/p>\n<ul>\n<li style=\"list-style-type: none;\">\n<ul><!-- [et_pb_line_break_holder] --><\/p>\n<li><img decoding=\"async\" src=\"wp-content\/uploads\/2017\/12\/Regenschirm.png\" alt=\"800 m zum Ostseestrand\" width=\"15px\" height=\"auto\" \/> 800 m zum Ostseestrand<\/li>\n<\/ul>\n<\/li>\n<\/ul>\n<p><!-- [et_pb_line_break_holder] --><\/p>\n<ul>\n<li style=\"list-style-type: none;\">\n<ul>\n<li><img decoding=\"async\" style=\"margin-right: 5px;\" src=\"wp-content\/uploads\/2017\/12\/Navigation.png\" alt=\"Zentrale Lage in der Altstadt am Park\" width=\"10px\" height=\"auto\" \/> Zentral in der Altstadt am Park<\/li>\n<\/ul>\n<\/li>\n<\/ul>\n<p><!-- [et_pb_line_break_holder] --><\/p>\n<ul>\n<li style=\"list-style-type: none;\">\n<ul>\n<li><img decoding=\"async\" src=\"wp-content\/uploads\/2017\/12\/Fahrrad.png\" alt=\"Fahrradfreundlich\" width=\"15px\" height=\"auto\" \/> Fahrradfreundlich<\/li>\n<\/ul>\n<\/li>\n<\/ul>\n<p><!-- [et_pb_line_break_holder] --><\/p>\n<ul>\n<li style=\"list-style-type: none;\">\n<ul>\n<li><img decoding=\"async\" src=\"wp-content\/uploads\/2017\/12\/WLAN.png\" alt=\"Kostenloses WLAN\" width=\"15px\" height=\"auto\" \/> Kostenloses WLAN<\/li>\n<\/ul>\n<\/li>\n<\/ul>\n<p><!-- [et_pb_line_break_holder] --><\/p>\n<ul>\n<li style=\"list-style-type: none;\">\n<ul>\n<li><img decoding=\"async\" src=\"wp-content\/uploads\/2017\/12\/Wellnessbereich.png\" alt=\"Wellnessbereich\" width=\"15px\" height=\"auto\" \/> Wellnessbereich<\/li>\n<\/ul>\n<\/li>\n<\/ul>\n<p><!-- [et_pb_line_break_holder] --><\/p>\n<ul>\n<li style=\"list-style-type: none;\">\n<ul>\n<li><img decoding=\"async\" src=\"wp-content\/uploads\/2017\/12\/barrierefreiheit.png\" alt=\"Behindertengerecht\" width=\"15px\" height=\"auto\" \/> Barrierefreiheit<\/li>\n<\/ul>\n<\/li>\n<\/ul>\n<p><!-- [et_pb_line_break_holder] --><\/p>\n<ul>\n<li style=\"list-style-type: none;\">\n<ul>\n<li><img decoding=\"async\" src=\"wp-content\/uploads\/2017\/12\/Nichtraucherhotel.png\" alt=\"Nichtraucherhotel\" width=\"15px\" height=\"auto\" \/> Nichtraucherhotel<\/li>\n<\/ul>\n<\/li>\n<\/ul>\n<p><!-- [et_pb_line_break_holder] --><\/p>\n<ul>\n<li style=\"list-style-type: none;\">\n<ul>\n<li><img decoding=\"async\" src=\"wp-content\/uploads\/2017\/12\/\u00d6ko-Strom.png\" alt=\"100% \u00d6ko-Strom\" width=\"15px\" height=\"auto\" \/> 100% \u00d6ko-Strom<\/li>\n<\/ul>\n<\/li>\n<\/ul>\n<p><!-- [et_pb_line_break_holder] --><\/p>\n<ul>\n<li style=\"list-style-type: none;\">\n<ul>\n<li><img decoding=\"async\" style=\"margin-right: 4px;\" src=\"wp-content\/uploads\/2017\/12\/parkplatz.png\" alt=\"Parkplatz direkt am Haus\" width=\"11px\" height=\"auto\" \/> Parkplatz direkt am Haus<\/li>\n<\/ul>\n<\/li>\n<\/ul>\n<p><!-- [et_pb_line_break_holder] --><\/p>\n<ul>\n<li style=\"list-style-type: none;\">\n<ul>\n<li><img decoding=\"async\" style=\"margin-right: 2px;\" src=\"wp-content\/uploads\/2017\/12\/fahrstuhl.png\" alt=\"Fahrstuhl\" width=\"13px\" height=\"auto\" \/> Fahrstuhl<\/li>\n<\/ul>\n<\/li>\n<\/ul>\n<p><!-- [et_pb_line_break_holder] --><\/p>\n<p>[\/et_pb_code][\/et_pb_column][\/et_pb_row][\/et_pb_section][et_pb_section fb_built=&#8220;1&#8243; _builder_version=&#8220;4.16&#8243; global_colors_info=&#8220;{}&#8220;][et_pb_row column_structure=&#8220;1_3,1_3,1_3&#8243; _builder_version=&#8220;4.16&#8243; global_colors_info=&#8220;{}&#8220;][et_pb_column type=&#8220;1_3&#8243; module_class=&#8220;gray&#8211;box&#8220; _builder_version=&#8220;4.16&#8243; custom_padding=&#8220;|||&#8220; global_colors_info=&#8220;{}&#8220; custom_padding__hover=&#8220;|||&#8220;][et_pb_image src=&#8220;\/wp-content\/uploads\/2017\/12\/Gemuetliche_Zimmer.jpg&#8220; align_tablet=&#8220;center&#8220; align_phone=&#8220;center&#8220; align_last_edited=&#8220;on|desktop&#8220; module_class=&#8220;gray&#8211;box&#8211;img&#8220; _builder_version=&#8220;4.16&#8243; always_center_on_mobile=&#8220;on&#8220; global_colors_info=&#8220;{}&#8220;][\/et_pb_image][et_pb_text module_class=&#8220;gray&#8211;box&#8211;content&#8220; _builder_version=&#8220;4.16&#8243; global_colors_info=&#8220;{}&#8220;]<\/p>\n<h3>Gem\u00fctliche Zimmer mit Wohlf\u00fchlcharakter<\/h3>\n<p>Ob Einzelzimmer, Doppelzimmer, Suite oder Appartement &#8211; alle unsere Zimmer sind mit hochwertigen M\u00f6beln ausgestattet.<br \/>\n[\/et_pb_text][et_pb_text module_class=&#8220;more&#8211;link gray&#8211;box&#8211;content&#8220; _builder_version=&#8220;4.16&#8243; global_colors_info=&#8220;{}&#8220;]<a class=\"more--link-a\" href=\"\/?page_id=76\">Mehr &gt;<\/a><br \/>\n[\/et_pb_text][\/et_pb_column][et_pb_column type=&#8220;1_3&#8243; module_class=&#8220;gray&#8211;box&#8220; _builder_version=&#8220;4.16&#8243; custom_padding=&#8220;|||&#8220; global_colors_info=&#8220;{}&#8220; custom_padding__hover=&#8220;|||&#8220;][et_pb_image src=&#8220;\/wp-content\/uploads\/2017\/12\/Sauna.jpg&#8220; align_tablet=&#8220;center&#8220; align_phone=&#8220;center&#8220; align_last_edited=&#8220;on|desktop&#8220; module_class=&#8220;gray&#8211;box&#8211;img&#8220; _builder_version=&#8220;4.16&#8243; always_center_on_mobile=&#8220;on&#8220; global_colors_info=&#8220;{}&#8220;][\/et_pb_image][et_pb_text module_class=&#8220;gray&#8211;box&#8211;content&#8220; _builder_version=&#8220;4.16&#8243; global_colors_info=&#8220;{}&#8220;]<\/p>\n<h3>Entspannen in der Trockensauna<\/h3>\n<p>Genie\u00dfen Sie unseren wundersch\u00f6nen Wellnessbereich mit Trockensauna und Ruheraum.<br \/>\n[\/et_pb_text][et_pb_text module_class=&#8220;more&#8211;link gray&#8211;box&#8211;content&#8220; _builder_version=&#8220;4.16&#8243; global_colors_info=&#8220;{}&#8220;]<a class=\"more--link-a\" href=\"\/?page_id=80\">Mehr &gt;<\/a><br \/>\n[\/et_pb_text][\/et_pb_column][et_pb_column type=&#8220;1_3&#8243; module_class=&#8220;gray&#8211;box&#8220; _builder_version=&#8220;4.16&#8243; custom_padding=&#8220;|||&#8220; global_colors_info=&#8220;{}&#8220; custom_padding__hover=&#8220;|||&#8220;][et_pb_image src=&#8220;\/wp-content\/uploads\/2017\/12\/Oko-Strom.jpg&#8220; align_tablet=&#8220;center&#8220; align_phone=&#8220;center&#8220; align_last_edited=&#8220;on|desktop&#8220; module_class=&#8220;gray&#8211;box&#8211;img&#8220; _builder_version=&#8220;4.16&#8243; always_center_on_mobile=&#8220;on&#8220; global_colors_info=&#8220;{}&#8220;][\/et_pb_image][et_pb_text module_class=&#8220;gray&#8211;box&#8211;content&#8220; _builder_version=&#8220;4.16&#8243; global_colors_info=&#8220;{}&#8220;]<\/p>\n<h3>Nachhaltig urlauben &#8211; wir nutzen 100% \u00d6ko-Strom<\/h3>\n<p>\u00dcbrigens tragen Sie mit Ihrem Aufenthalt bei uns auch zum Umweltschutz bei, denn wir nutzen ausschliesslich \u00d6ko-Strom.<br \/>\n[\/et_pb_text][et_pb_text module_class=&#8220;more&#8211;link gray&#8211;box&#8211;content&#8220; _builder_version=&#8220;4.16&#8243; global_colors_info=&#8220;{}&#8220;]<a class=\"more--link-a\" href=\"\/?page_id=84\">Fragen? Kontaktieren Sie uns &gt;<\/a><br \/>\n[\/et_pb_text][\/et_pb_column][\/et_pb_row][et_pb_row column_structure=&#8220;1_3,2_3&#8243; _builder_version=&#8220;4.16&#8243; global_colors_info=&#8220;{}&#8220;][et_pb_column type=&#8220;1_3&#8243; module_class=&#8220;green&#8211;box&#8220; _builder_version=&#8220;4.16&#8243; custom_padding=&#8220;|||&#8220; global_colors_info=&#8220;{}&#8220; custom_padding__hover=&#8220;|||&#8220;][et_pb_image src=&#8220;\/wp-content\/uploads\/2017\/12\/Unsere_Arrangements.jpg&#8220; align_tablet=&#8220;center&#8220; align_phone=&#8220;center&#8220; align_last_edited=&#8220;on|desktop&#8220; module_class=&#8220;green&#8211;box&#8211;img&#8220; _builder_version=&#8220;4.16&#8243; always_center_on_mobile=&#8220;on&#8220; global_colors_info=&#8220;{}&#8220;][\/et_pb_image][et_pb_text module_class=&#8220;green&#8211;box&#8211;content&#8220; _builder_version=&#8220;4.16&#8243; global_colors_info=&#8220;{}&#8220;]<\/p>\n<h3>Unsere Angebote &#8211; jetzt clever sparen!<\/h3>\n<p>Clever sparen mit unseren attraktiven Angeboten! Gerne finden wir gemeinsam das passende Angebot f\u00fcr Sie.<br \/>\n[\/et_pb_text][et_pb_text module_class=&#8220;more&#8211;link green&#8211;box&#8211;content&#8220; _builder_version=&#8220;4.16&#8243; global_colors_info=&#8220;{}&#8220;]<a class=\"more--link-a\" href=\"\/?page_id=78\">Mehr &gt;<\/a><br \/>\n[\/et_pb_text][\/et_pb_column][et_pb_column type=&#8220;2_3&#8243; _builder_version=&#8220;4.16&#8243; custom_padding=&#8220;|||&#8220; global_colors_info=&#8220;{}&#8220; custom_padding__hover=&#8220;|||&#8220;][et_pb_image src=&#8220;\/wp-content\/uploads\/2017\/12\/Ruegen_entdecken_mit_text.jpg&#8220; url=&#8220;\/?page_id=82&#8243; align_tablet=&#8220;center&#8220; align_phone=&#8220;center&#8220; align_last_edited=&#8220;on|desktop&#8220; _builder_version=&#8220;4.16&#8243; always_center_on_mobile=&#8220;on&#8220; global_colors_info=&#8220;{}&#8220;][\/et_pb_image][\/et_pb_column][\/et_pb_row][\/et_pb_section][et_pb_section fb_built=&#8220;1&#8243; _builder_version=&#8220;3.0.91&#8243; global_module=&#8220;705&#8243; global_colors_info=&#8220;{}&#8220;][et_pb_row _builder_version=&#8220;4.16&#8243; background_size=&#8220;initial&#8220; background_position=&#8220;top_left&#8220; background_repeat=&#8220;repeat&#8220; global_colors_info=&#8220;{}&#8220;][et_pb_column type=&#8220;4_4&#8243; _builder_version=&#8220;4.16&#8243; custom_padding=&#8220;|||&#8220; global_colors_info=&#8220;{}&#8220; custom_padding__hover=&#8220;|||&#8220;][et_pb_map address=&#8220;Hauptstra\u00dfe 36, 18546 Sassnitz, Deutschland&#8220; zoom_level=&#8220;16&#8243; address_lat=&#8220;54.518592&#8243; address_lng=&#8220;13.653104999999982&#8243; _builder_version=&#8220;4.16&#8243; global_colors_info=&#8220;{}&#8220;][et_pb_map_pin pin_address=&#8220;Hauptstra\u00dfe 36, 18546 Sassnitz, Deutschland&#8220; pin_address_lat=&#8220;54.518592&#8243; pin_address_lng=&#8220;13.653104999999982&#8243; _builder_version=&#8220;3.0.91&#8243; global_colors_info=&#8220;{}&#8220;][\/et_pb_map_pin][\/et_pb_map][\/et_pb_column][\/et_pb_row][\/et_pb_section][et_pb_section fb_built=&#8220;1&#8243; _builder_version=&#8220;3.0.91&#8243; background_color=&#8220;#c8c8c8&#8243; global_module=&#8220;444&#8243; global_colors_info=&#8220;{}&#8220;][et_pb_row _builder_version=&#8220;4.16&#8243; background_size=&#8220;initial&#8220; background_position=&#8220;top_left&#8220; background_repeat=&#8220;repeat&#8220; global_colors_info=&#8220;{}&#8220; column_structure=&#8220;1_3,1_3,1_3&#8243;][et_pb_column type=&#8220;1_3&#8243; _builder_version=&#8220;4.16&#8243; custom_padding=&#8220;|||&#8220; global_colors_info=&#8220;{}&#8220; custom_padding__hover=&#8220;|||&#8220;][et_pb_text _builder_version=&#8220;4.16&#8243; text_orientation=&#8220;center&#8220; global_colors_info=&#8220;{}&#8220;]<\/p>\n<h3 style=\"color: #162e2f;\">Adresse<\/h3>\n<p>Parkhotel del Mar<br \/>\nHauptstra\u00dfe 36<br \/>\n18546 Sassnitz<\/p>\n<p>Tel.: <a href=\"tel:+49383926950\">038392 &#8211; 69 50<\/a><br \/>\neMail: info@parkhotel-del-mar.de<\/p>\n<p>[\/et_pb_text][\/et_pb_column][et_pb_column type=&#8220;1_3&#8243; _builder_version=&#8220;4.16&#8243; custom_padding=&#8220;|||&#8220; global_colors_info=&#8220;{}&#8220; custom_padding__hover=&#8220;|||&#8220;][et_pb_text _builder_version=&#8220;4.16&#8243; text_orientation=&#8220;center&#8220; global_colors_info=&#8220;{}&#8220;]<\/p>\n<h3 style=\"color: #162e2f;\">Social Media<\/h3>\n<p>Folgen Sie uns auf Instagram<\/p>\n<p><a href=\"https:\/\/www.instagram.com\/parkhotel_del_mar_sassnitz\/?hl=de\" target=\"_blank\" rel=\"noopener\"><img decoding=\"async\" class=\"alignnone size-full wp-image-304\" src=\"\/wp-content\/uploads\/2020\/01\/glyph-logo-fill.png\" alt=\"Das Parkhotel del Mar auf instagram\" width=\"50\" \/><br \/>\n<\/a><\/p>\n<p>[\/et_pb_text][\/et_pb_column][et_pb_column type=&#8220;1_3&#8243; _builder_version=&#8220;4.16&#8243; custom_padding=&#8220;|||&#8220; global_colors_info=&#8220;{}&#8220; custom_padding__hover=&#8220;|||&#8220;][et_pb_text _builder_version=&#8220;4.16&#8243; text_orientation=&#8220;center&#8220; global_colors_info=&#8220;{}&#8220;]<\/p>\n<h3 style=\"color: #162e2f;\">Newsletter<\/h3>\n<p>Bleiben Sie immer auf dem<br \/>\nneusten Stand und verpassen Sie keines<br \/>\nunserer Angebote.<\/p>\n<div class=\"newsletter-footer\"><form method=\"post\" action=\"https:\/\/www.parkhotel-del-mar.de\/?na=s\"><input type=\"text\" name=\"ne\" value=\"\">\r\n<input type=\"submit\"><\/form><\/div>\n<p>[\/et_pb_text][\/et_pb_column][\/et_pb_row][\/et_pb_section]<\/p>\n","protected":false},"excerpt":{"rendered":"<p>Herzlich Willkommen im Parkhotel del Mar in Sassnitz auf R\u00fcgen Zwischen dem gr\u00fcnen Jasmundpark und der blauen Ostsee liegt das familiengef\u00fchrte Parkhotel del Mar auf der Insel R\u00fcgen in Sassnitz. Das komplett sanierte Patrizierhaus bietet 12 komfortable Doppelzimmer, 2 Einzelzimmer, 1 Suiten und 6 Appartements mit K\u00fcchenzeile. Nutzen Sie kostenlosen Internetzugang (W-LAN) auf Ihrem Zimmer [&hellip;]<\/p>\n","protected":false},"author":1,"featured_media":0,"parent":0,"menu_order":0,"comment_status":"closed","ping_status":"closed","template":"","meta":{"_et_pb_use_builder":"on","_et_pb_old_content":"","_et_gb_content_width":"","footnotes":""},"_links":{"self":[{"href":"https:\/\/www.parkhotel-del-mar.de\/index.php?rest_route=\/wp\/v2\/pages\/74"}],"collection":[{"href":"https:\/\/www.parkhotel-del-mar.de\/index.php?rest_route=\/wp\/v2\/pages"}],"about":[{"href":"https:\/\/www.parkhotel-del-mar.de\/index.php?rest_route=\/wp\/v2\/types\/page"}],"author":[{"embeddable":true,"href":"https:\/\/www.parkhotel-del-mar.de\/index.php?rest_route=\/wp\/v2\/users\/1"}],"replies":[{"embeddable":true,"href":"https:\/\/www.parkhotel-del-mar.de\/index.php?rest_route=%2Fwp%2Fv2%2Fcomments&post=74"}],"version-history":[{"count":137,"href":"https:\/\/www.parkhotel-del-mar.de\/index.php?rest_route=\/wp\/v2\/pages\/74\/revisions"}],"predecessor-version":[{"id":1089,"href":"https:\/\/www.parkhotel-del-mar.de\/index.php?rest_route=\/wp\/v2\/pages\/74\/revisions\/1089"}],"wp:attachment":[{"href":"https:\/\/www.parkhotel-del-mar.de\/index.php?rest_route=%2Fwp%2Fv2%2Fmedia&parent=74"}],"curies":[{"name":"wp","href":"https:\/\/api.w.org\/{rel}","templated":true}]}}