{"id":76,"date":"2017-12-08T10:46:05","date_gmt":"2017-12-08T09:46:05","guid":{"rendered":"https:\/\/www.parkhotel-del-mar.de\/?page_id=76"},"modified":"2022-11-28T16:06:24","modified_gmt":"2022-11-28T15:06:24","slug":"zimmer-preise","status":"publish","type":"page","link":"https:\/\/www.parkhotel-del-mar.de\/?page_id=76","title":{"rendered":"Hotel Zimmer"},"content":{"rendered":"<p>[et_pb_section fb_built=&#8220;1&#8243; fullwidth=&#8220;on&#8220; _builder_version=&#8220;4.16&#8243; global_colors_info=&#8220;{}&#8220;][et_pb_fullwidth_image src=&#8220;https:\/\/www.parkhotel-del-mar.de\/wp-content\/uploads\/2017\/12\/Header-1.jpg&#8220; _builder_version=&#8220;4.16&#8243; global_colors_info=&#8220;{}&#8220;][\/et_pb_fullwidth_image][\/et_pb_section][et_pb_section fb_built=&#8220;1&#8243; module_id=&#8220;buchungsleiste&#8220; _builder_version=&#8220;3.0.91&#8243; global_module=&#8220;833&#8243; global_colors_info=&#8220;{}&#8220;][et_pb_row module_class=&#8220;quickbooking&#8220; _builder_version=&#8220;4.18.0&#8243; custom_margin=&#8220;||||true|false&#8220; global_colors_info=&#8220;{}&#8220;][et_pb_column type=&#8220;4_4&#8243; _builder_version=&#8220;4.16&#8243; custom_padding=&#8220;|||&#8220; global_colors_info=&#8220;{}&#8220; custom_padding__hover=&#8220;|||&#8220;][et_pb_code _builder_version=&#8220;4.16&#8243; global_colors_info=&#8220;{}&#8220;]<\/p>\n<div id=\"d21-quickbook\"><\/div>\n<p>[\/et_pb_code][\/et_pb_column][\/et_pb_row][\/et_pb_section][et_pb_section fb_built=&#8220;1&#8243; _builder_version=&#8220;4.16&#8243; global_colors_info=&#8220;{}&#8220;][et_pb_row _builder_version=&#8220;4.16&#8243; background_size=&#8220;initial&#8220; background_position=&#8220;top_left&#8220; background_repeat=&#8220;repeat&#8220; global_colors_info=&#8220;{}&#8220; column_structure=&#8220;2_3,1_3&#8243;][et_pb_column type=&#8220;2_3&#8243; _builder_version=&#8220;4.16&#8243; custom_padding=&#8220;|||&#8220; global_colors_info=&#8220;{}&#8220; custom_padding__hover=&#8220;|||&#8220;][et_pb_text _builder_version=&#8220;4.16&#8243; global_colors_info=&#8220;{}&#8220;]<\/p>\n<h1>Unsere Zimmer im \u00dcberblick<\/h1>\n<p><em>Es sind oft die kleinen Dinge,<\/em><br \/>\n<em> die den gro\u00dfen Unterschied ausmachen:<\/em><br \/>\n<em> Die Liebe zum Detail, der individuelle Stil,<\/em><br \/>\n<em> eine Spur mehr F\u00fcrsorge<\/em><br \/>\n<em> und ein Hauch mehr Herzlichkeit.<\/em><\/p>\n<p>Zwischen dem gr\u00fcnen Jasmundpark und der blauen Ostsee liegt das familiengef\u00fchrte Parkhotel del Mar.<\/p>\n<p>Das komplett sanierte Patrizierhaus bietet 12 komfortable Doppelzimmer, 2 Einzelzimmer, 1 Suiten und 6 Appartements mit neuer K\u00fcchenzeile.<\/p>\n<p><strong>Nutzen Sie kostenlosen Internetzugang (W-LAN) auf Ihrem Zimmer und parken Sie auf dem hoteleigenem Parkplatz, der gl\u00e4serne Fahrstuhl bringt Sie in Ihr Zimmer! Genie\u00dfen Sie unser reichhaltiges und abwechslungsreiches Fr\u00fchst\u00fccksbuffet als Start in den Tag.<\/strong><\/p>\n<p>M\u00f6chten Sie aus Ihrem Urlaub etwas ganz Besonderes machen? Dann schauen Sie mal in unsere<br \/>\nArrangements. Hier haben wir verschiedenste Angebote zu unschlagbaren Preisen.<br \/>\n[\/et_pb_text][et_pb_button button_url=&#8220;\/?page_id=78&#8243; button_text=&#8220;Zu unseren Arrangements&#8220; _builder_version=&#8220;4.16&#8243; global_colors_info=&#8220;{}&#8220; button_text_size__hover_enabled=&#8220;off&#8220; button_one_text_size__hover_enabled=&#8220;off&#8220; button_two_text_size__hover_enabled=&#8220;off&#8220; button_text_color__hover_enabled=&#8220;off&#8220; button_one_text_color__hover_enabled=&#8220;off&#8220; button_two_text_color__hover_enabled=&#8220;off&#8220; button_border_width__hover_enabled=&#8220;off&#8220; button_one_border_width__hover_enabled=&#8220;off&#8220; button_two_border_width__hover_enabled=&#8220;off&#8220; button_border_color__hover_enabled=&#8220;off&#8220; button_one_border_color__hover_enabled=&#8220;off&#8220; button_two_border_color__hover_enabled=&#8220;off&#8220; button_border_radius__hover_enabled=&#8220;off&#8220; button_one_border_radius__hover_enabled=&#8220;off&#8220; button_two_border_radius__hover_enabled=&#8220;off&#8220; button_letter_spacing__hover_enabled=&#8220;off&#8220; button_one_letter_spacing__hover_enabled=&#8220;off&#8220; button_two_letter_spacing__hover_enabled=&#8220;off&#8220; button_bg_color__hover_enabled=&#8220;off&#8220; button_one_bg_color__hover_enabled=&#8220;off&#8220; button_two_bg_color__hover_enabled=&#8220;off&#8220;][\/et_pb_button][\/et_pb_column][et_pb_column type=&#8220;1_3&#8243; _builder_version=&#8220;4.16&#8243; custom_padding=&#8220;|||&#8220; global_colors_info=&#8220;{}&#8220; custom_padding__hover=&#8220;|||&#8220;][et_pb_code module_class=&#8220;highlightbox&#8220; _builder_version=&#8220;3.0.91&#8243; background_color=&#8220;#79b162&#8243; custom_css_main_element=&#8220;color:white;&#8220; global_module=&#8220;741&#8243; saved_tabs=&#8220;all&#8220; global_colors_info=&#8220;{}&#8220;]<\/p>\n<div class=\"highlightbox--center highlightbox--has-icon\"><!-- [et_pb_line_break_holder] --><img decoding=\"async\" src=\"wp-content\/uploads\/2017\/12\/Info.png\" alt=\"Information\" width=\"40px\" height=\"auto\"><!-- [et_pb_line_break_holder] --><\/p>\n<h2>Was wir Ihnen bieten:<\/h2>\n<p><!-- [et_pb_line_break_holder] --><\/div>\n<p><!-- [et_pb_line_break_holder] --><\/p>\n<ul><!-- [et_pb_line_break_holder] --><\/p>\n<li><img decoding=\"async\" src=\"wp-content\/uploads\/2017\/12\/Regenschirm.png\" alt=\"800 m zum Ostseestrand\" width=\"15px\" height=\"auto\"> 800 m zum Ostseestrand<\/li>\n<p><!-- [et_pb_line_break_holder] --><\/p>\n<li><img decoding=\"async\" src=\"wp-content\/uploads\/2017\/12\/Navigation.png\" alt=\"Zentrale Lage in der Altstadt am Park\" width=\"10px\" height=\"auto\" style=\"margin-right:5px;\"> Zentral in der Altstadt am Park<\/li>\n<p><!-- [et_pb_line_break_holder] --><\/p>\n<li><img decoding=\"async\" src=\"wp-content\/uploads\/2017\/12\/Fahrrad.png\" alt=\"Fahrradfreundlich\" width=\"15px\" height=\"auto\"> Fahrradfreundlich<\/li>\n<p><!-- [et_pb_line_break_holder] --><\/p>\n<li><img decoding=\"async\" src=\"wp-content\/uploads\/2017\/12\/WLAN.png\" alt=\"Kostenloses WLAN\" width=\"15px\" height=\"auto\"> Kostenloses WLAN<\/li>\n<p><!-- [et_pb_line_break_holder] --><\/p>\n<li><img decoding=\"async\" src=\"wp-content\/uploads\/2017\/12\/Wellnessbereich.png\" alt=\"Wellnessbereich\" width=\"15px\" height=\"auto\"> Wellnessbereich<\/li>\n<p><!-- [et_pb_line_break_holder] --><\/p>\n<li><img decoding=\"async\" src=\"wp-content\/uploads\/2017\/12\/barrierefreiheit.png\" alt=\"Behindertengerecht\" width=\"15px\" height=\"auto\"> Barrierefreiheit<\/li>\n<p><!-- [et_pb_line_break_holder] --><\/p>\n<li><img decoding=\"async\" src=\"wp-content\/uploads\/2017\/12\/Nichtraucherhotel.png\" alt=\"Nichtraucherhotel\" width=\"15px\" height=\"auto\"> Nichtraucherhotel<\/li>\n<p><!-- [et_pb_line_break_holder] --><\/p>\n<li><img decoding=\"async\" src=\"wp-content\/uploads\/2017\/12\/\u00d6ko-Strom.png\" alt=\"100% \u00d6ko-Strom\" width=\"15px\" height=\"auto\"> 100% \u00d6ko-Strom<\/li>\n<p><!-- [et_pb_line_break_holder] --><\/p>\n<li><img decoding=\"async\" src=\"wp-content\/uploads\/2017\/12\/parkplatz.png\" alt=\"Parkplatz direkt am Haus\" width=\"11px\" height=\"auto\" style=\"margin-right:4px;\"> Parkplatz direkt am Haus<\/li>\n<p><!-- [et_pb_line_break_holder] --><\/p>\n<li><img decoding=\"async\" src=\"wp-content\/uploads\/2017\/12\/fahrstuhl.png\" alt=\"Fahrstuhl\" width=\"13px\" height=\"auto\" style=\"margin-right:2px;\"> Fahrstuhl<\/li>\n<p><!-- [et_pb_line_break_holder] --><\/ul>\n<p>[\/et_pb_code][\/et_pb_column][\/et_pb_row][\/et_pb_section][et_pb_section fb_built=&#8220;1&#8243; _builder_version=&#8220;4.16&#8243; global_colors_info=&#8220;{}&#8220;][et_pb_row _builder_version=&#8220;4.16&#8243; global_colors_info=&#8220;{}&#8220; column_structure=&#8220;1_3,1_3,1_3&#8243;][et_pb_column type=&#8220;1_3&#8243; module_class=&#8220;gray&#8211;box&#8220; _builder_version=&#8220;4.16&#8243; custom_padding=&#8220;|||&#8220; global_colors_info=&#8220;{}&#8220; custom_padding__hover=&#8220;|||&#8220;][et_pb_image src=&#8220;https:\/\/www.parkhotel-del-mar.de\/wp-content\/uploads\/2017\/12\/Einzelzimmer.jpg&#8220; align_tablet=&#8220;center&#8220; align_last_edited=&#8220;on|desktop&#8220; module_class=&#8220;gray&#8211;box&#8211;img&#8220; _builder_version=&#8220;4.16&#8243; always_center_on_mobile=&#8220;on&#8220; global_colors_info=&#8220;{}&#8220; align_phone=&#8220;center&#8220;][\/et_pb_image][et_pb_text module_class=&#8220;gray&#8211;box&#8211;content&#8220; _builder_version=&#8220;4.16&#8243; global_colors_info=&#8220;{}&#8220;]<\/p>\n<h3>Einzelzimmer<\/h3>\n<p>im 1. bis 3. Stock des Hauses gelegen, mit einer Gr\u00f6\u00dfe von ca. 15-18 m\u00b2 und folgender Ausstattung:<\/p>\n<p>&nbsp;<\/p>\n<ul>\n<li>Einzelbett 0,90 m breit<\/li>\n<li>Tisch mit 1 Stuhl<\/li>\n<li>Flachbild-TV<\/li>\n<li>Kosmetikspiegel und F\u00f6n<\/li>\n<li>Verschiedene Kosmetikartikel<\/li>\n<li>Digitale G\u00e4stemappe<\/li>\n<\/ul>\n<p>[\/et_pb_text][et_pb_text module_class=&#8220;more&#8211;link gray&#8211;box&#8211;content&#8220; _builder_version=&#8220;4.16&#8243; global_colors_info=&#8220;{}&#8220;]<a class=\"more--link-a\" href=\"\/?page_id=367\">Mehr &gt;<\/a><br \/>\n[\/et_pb_text][et_pb_image src=&#8220;https:\/\/www.parkhotel-del-mar.de\/wp-content\/uploads\/2017\/12\/02Suiten.jpg&#8220; align_tablet=&#8220;center&#8220; align_last_edited=&#8220;on|desktop&#8220; module_class=&#8220;gray&#8211;box&#8211;img&#8220; _builder_version=&#8220;4.16&#8243; custom_css_main_element=&#8220;border-top: 35px solid white;&#8220; always_center_on_mobile=&#8220;on&#8220; global_colors_info=&#8220;{}&#8220; align_phone=&#8220;center&#8220;][\/et_pb_image][et_pb_text module_class=&#8220;gray&#8211;box&#8211;content&#8220; _builder_version=&#8220;4.16&#8243; global_colors_info=&#8220;{}&#8220;]<\/p>\n<h3>Suiten<\/h3>\n<p>Im 1. bis 3 Stock des Hauses gelegen, mit einer Gr\u00f6\u00dfe von ca. 30-36 m\u00b2 und folgender Ausstattung:<\/p>\n<p>&nbsp;<\/p>\n<ul>\n<li>Kingsize Bett, 1,80 m breit mit zwei Matratzen<\/li>\n<li>Tisch mit 2 St\u00fchlen<\/li>\n<li>Sofa mit Sessel und Tisch<\/li>\n<li>Flachbild-TV<\/li>\n<li>Seperaten Schlaf- und Wohnraum<\/li>\n<li>Kosmetikspiegel und F\u00f6n<\/li>\n<li>Verschiedene Kosmetikartikel<\/li>\n<li>Digitale G\u00e4stemappe<\/li>\n<\/ul>\n<p>[\/et_pb_text][et_pb_text module_class=&#8220;more&#8211;link gray&#8211;box&#8211;content&#8220; _builder_version=&#8220;4.16&#8243; global_colors_info=&#8220;{}&#8220;]<a class=\"more--link-a\" href=\"\/?page_id=376\">Mehr &gt;<\/a><br \/>\n[\/et_pb_text][\/et_pb_column][et_pb_column type=&#8220;1_3&#8243; module_class=&#8220;gray&#8211;box&#8220; _builder_version=&#8220;4.16&#8243; custom_padding=&#8220;|||&#8220; global_colors_info=&#8220;{}&#8220; custom_padding__hover=&#8220;|||&#8220;][et_pb_image src=&#8220;https:\/\/www.parkhotel-del-mar.de\/wp-content\/uploads\/2017\/12\/02Doppelzimmer.jpg&#8220; align_tablet=&#8220;center&#8220; align_last_edited=&#8220;on|desktop&#8220; module_class=&#8220;gray&#8211;box&#8211;img&#8220; _builder_version=&#8220;4.16&#8243; always_center_on_mobile=&#8220;on&#8220; global_colors_info=&#8220;{}&#8220; align_phone=&#8220;center&#8220;][\/et_pb_image][et_pb_text module_class=&#8220;gray&#8211;box&#8211;content&#8220; _builder_version=&#8220;4.16&#8243; global_colors_info=&#8220;{}&#8220;]<\/p>\n<h3>Doppelzimmer<\/h3>\n<p>Im 1. bis 3. Stock des Hauses gelegen, mit einer Gr\u00f6\u00dfe von ca. 20-25 m\u00b2 und folgender Ausstattung:<\/p>\n<p>&nbsp;<\/p>\n<ul>\n<li>Kingsize Bett, 1,80 m breit und zwei Matratzen, oder zwei getrennten Betten<\/li>\n<li>Tisch mit 2 St\u00fchlen<\/li>\n<li>Flachbild-TV<\/li>\n<li>Kosmetikspiegel und F\u00f6n<\/li>\n<li>Verschiedene Kosmetikartikel<\/li>\n<\/ul>\n<p>[\/et_pb_text][et_pb_text module_class=&#8220;more&#8211;link gray&#8211;box&#8211;content&#8220; _builder_version=&#8220;4.16&#8243; global_colors_info=&#8220;{}&#8220;]<a class=\"more--link-a\" href=\"\/?page_id=320\">Mehr &gt;<\/a><br \/>\n[\/et_pb_text][et_pb_image src=&#8220;https:\/\/www.parkhotel-del-mar.de\/wp-content\/uploads\/2017\/12\/Apartments.jpg&#8220; align_tablet=&#8220;center&#8220; align_last_edited=&#8220;on|desktop&#8220; module_class=&#8220;gray&#8211;box&#8211;img&#8220; _builder_version=&#8220;4.16&#8243; custom_css_main_element=&#8220;border-top: 35px solid white;&#8220; always_center_on_mobile=&#8220;on&#8220; global_colors_info=&#8220;{}&#8220; align_phone=&#8220;center&#8220;][\/et_pb_image][et_pb_text module_class=&#8220;gray&#8211;box&#8211;content&#8220; _builder_version=&#8220;4.16&#8243; global_colors_info=&#8220;{}&#8220;]<\/p>\n<h3>Appartements<\/h3>\n<p>Im 1. bis 3. Stock des Hauses gelegen, mit einer Gr\u00f6\u00dfe von ca. 32-40 m\u00b2 und folgender Ausstattung.<\/p>\n<p>&nbsp;<\/p>\n<ul>\n<li>Kingsize Bett, 1,80 m breit mit zwei Matratzen<\/li>\n<li>Wohnzimmer &amp; Essbereich<\/li>\n<li>Tisch mit 2 St\u00fchlen<\/li>\n<li>Sofa mit Sessel und Tisch (Sitzecke)<\/li>\n<li>Flachbild-TV<\/li>\n<li>K\u00fcche voll ausgestattet<\/li>\n<li>Verschiedene Kosmetikartikel<\/li>\n<li>Kosmetikspiegel und F\u00f6n<\/li>\n<\/ul>\n<p>[\/et_pb_text][et_pb_text module_class=&#8220;more&#8211;link gray&#8211;box&#8211;content&#8220; _builder_version=&#8220;4.16&#8243; global_colors_info=&#8220;{}&#8220;]<a class=\"more--link-a\" href=\"\/?page_id=380\">Mehr &gt;<\/a><br \/>\n[\/et_pb_text][\/et_pb_column][et_pb_column type=&#8220;1_3&#8243; module_class=&#8220;gray&#8211;box&#8220; _builder_version=&#8220;4.16&#8243; custom_padding=&#8220;|||&#8220; global_colors_info=&#8220;{}&#8220; custom_padding__hover=&#8220;|||&#8220;][et_pb_image src=&#8220;https:\/\/www.parkhotel-del-mar.de\/wp-content\/uploads\/2017\/12\/Fruehstuecksraum_05.jpg&#8220; align_tablet=&#8220;center&#8220; align_last_edited=&#8220;on|desktop&#8220; _builder_version=&#8220;4.16&#8243; always_center_on_mobile=&#8220;on&#8220; global_colors_info=&#8220;{}&#8220; align_phone=&#8220;center&#8220;][\/et_pb_image][et_pb_text module_class=&#8220;gray&#8211;box&#8211;content&#8220; _builder_version=&#8220;4.16&#8243; global_colors_info=&#8220;{}&#8220;]<\/p>\n<h3>Unser Fr\u00fchst\u00fccksraum<\/h3>\n<p>&#8230;mit einem L\u00e4cheln in den Tag.<\/p>\n<p>Genie\u00dfen Sie unser reichhaltiges Fr\u00fchst\u00fccksangebot mit einer Vielzahl an hiesigen frischen Produkten<br \/>und einem pers\u00f6nlichen Service im gepflegten Ambiente, was Sie auf Ihren Tag bei uns am Meer<br \/>wohltuend einstimmen wird.<\/p>\n<p><strong>Was gibt es sch\u00f6neres, als sich zum Fr\u00fchst\u00fcck verw\u00f6hnen zu lassen.<\/strong><\/p>\n<p><em>Ge\u00f6ffnet t\u00e4glich von 07:30 bis 10:00 Uhr.<\/em><\/p>\n<p>[\/et_pb_text][et_pb_text module_class=&#8220;more&#8211;link gray&#8211;box&#8211;content&#8220; _builder_version=&#8220;4.16&#8243; custom_css_main_element=&#8220;display:none;&#8220; global_colors_info=&#8220;{}&#8220;]<a>Mehr &gt;<\/a><br \/>\n[\/et_pb_text][et_pb_slider _builder_version=&#8220;4.16&#8243; box_shadow_style=&#8220;preset6&#8243; box_shadow_blur=&#8220;10px&#8220; box_shadow_color=&#8220;rgba(0,0,0,0.1)&#8220; show_inner_shadow=&#8220;on&#8220; global_colors_info=&#8220;{}&#8220; button_text_size__hover_enabled=&#8220;off&#8220; button_one_text_size__hover_enabled=&#8220;off&#8220; button_two_text_size__hover_enabled=&#8220;off&#8220; button_text_color__hover_enabled=&#8220;off&#8220; button_one_text_color__hover_enabled=&#8220;off&#8220; button_two_text_color__hover_enabled=&#8220;off&#8220; button_border_width__hover_enabled=&#8220;off&#8220; button_one_border_width__hover_enabled=&#8220;off&#8220; button_two_border_width__hover_enabled=&#8220;off&#8220; button_border_color__hover_enabled=&#8220;off&#8220; button_one_border_color__hover_enabled=&#8220;off&#8220; button_two_border_color__hover_enabled=&#8220;off&#8220; button_border_radius__hover_enabled=&#8220;off&#8220; button_one_border_radius__hover_enabled=&#8220;off&#8220; button_two_border_radius__hover_enabled=&#8220;off&#8220; button_letter_spacing__hover_enabled=&#8220;off&#8220; button_one_letter_spacing__hover_enabled=&#8220;off&#8220; button_two_letter_spacing__hover_enabled=&#8220;off&#8220; button_bg_color__hover_enabled=&#8220;off&#8220; button_one_bg_color__hover_enabled=&#8220;off&#8220; button_two_bg_color__hover_enabled=&#8220;off&#8220;][et_pb_slide use_bg_overlay=&#8220;off&#8220; use_text_overlay=&#8220;off&#8220; _builder_version=&#8220;4.16&#8243; background_color=&#8220;#ffffff&#8220; background_image=&#8220;https:\/\/www.parkhotel-del-mar.de\/wp-content\/uploads\/2017\/12\/Fruehstuecksraum_04-1.jpg&#8220; background_size=&#8220;initial&#8220; global_colors_info=&#8220;{}&#8220; sticky_transition=&#8220;on&#8220; button_text_size__hover_enabled=&#8220;off&#8220; button_one_text_size__hover_enabled=&#8220;off&#8220; button_two_text_size__hover_enabled=&#8220;off&#8220; button_text_color__hover_enabled=&#8220;off&#8220; button_one_text_color__hover_enabled=&#8220;off&#8220; button_two_text_color__hover_enabled=&#8220;off&#8220; button_border_width__hover_enabled=&#8220;off&#8220; button_one_border_width__hover_enabled=&#8220;off&#8220; button_two_border_width__hover_enabled=&#8220;off&#8220; button_border_color__hover_enabled=&#8220;off&#8220; button_one_border_color__hover_enabled=&#8220;off&#8220; button_two_border_color__hover_enabled=&#8220;off&#8220; button_border_radius__hover_enabled=&#8220;off&#8220; button_one_border_radius__hover_enabled=&#8220;off&#8220; button_two_border_radius__hover_enabled=&#8220;off&#8220; button_letter_spacing__hover_enabled=&#8220;off&#8220; button_one_letter_spacing__hover_enabled=&#8220;off&#8220; button_two_letter_spacing__hover_enabled=&#8220;off&#8220; button_bg_color__hover_enabled=&#8220;off&#8220; button_one_bg_color__hover_enabled=&#8220;off&#8220; button_two_bg_color__hover_enabled=&#8220;off&#8220;][\/et_pb_slide][\/et_pb_slider][\/et_pb_column][\/et_pb_row][\/et_pb_section][et_pb_section fb_built=&#8220;1&#8243; _builder_version=&#8220;4.16&#8243; global_colors_info=&#8220;{}&#8220;][et_pb_row _builder_version=&#8220;4.16&#8243; background_size=&#8220;initial&#8220; background_position=&#8220;top_left&#8220; background_repeat=&#8220;repeat&#8220; global_colors_info=&#8220;{}&#8220;][et_pb_column type=&#8220;4_4&#8243; _builder_version=&#8220;4.16&#8243; custom_padding=&#8220;|||&#8220; global_colors_info=&#8220;{}&#8220; custom_padding__hover=&#8220;|||&#8220;][et_pb_image src=&#8220;https:\/\/www.parkhotel-del-mar.de\/wp-content\/uploads\/2017\/12\/Ruegen_entdecken_mit_Text.jpg&#8220; url=&#8220;\/?page_id=82&#8243; align_tablet=&#8220;center&#8220; align_last_edited=&#8220;on|desktop&#8220; _builder_version=&#8220;4.16&#8243; always_center_on_mobile=&#8220;on&#8220; global_colors_info=&#8220;{}&#8220; align_phone=&#8220;center&#8220;][\/et_pb_image][\/et_pb_column][\/et_pb_row][\/et_pb_section][et_pb_section fb_built=&#8220;1&#8243; _builder_version=&#8220;4.16&#8243; global_colors_info=&#8220;{}&#8220;][et_pb_row _builder_version=&#8220;4.16&#8243; background_size=&#8220;initial&#8220; background_position=&#8220;top_left&#8220; background_repeat=&#8220;repeat&#8220; global_colors_info=&#8220;{}&#8220;][et_pb_column type=&#8220;4_4&#8243; _builder_version=&#8220;4.16&#8243; custom_padding=&#8220;|||&#8220; global_colors_info=&#8220;{}&#8220; custom_padding__hover=&#8220;|||&#8220;][et_pb_map address=&#8220;Hauptstra\u00dfe 36, 18546 Sassnitz, Deutschland&#8220; zoom_level=&#8220;16&#8243; address_lat=&#8220;54.518592&#8243; address_lng=&#8220;13.653104999999982&#8243; _builder_version=&#8220;3.0.91&#8243; global_module=&#8220;707&#8243; saved_tabs=&#8220;all&#8220; global_colors_info=&#8220;{}&#8220;][et_pb_map_pin pin_address=&#8220;Hauptstra\u00dfe 36, 18546 Sassnitz, Deutschland&#8220; pin_address_lat=&#8220;54.518592&#8243; pin_address_lng=&#8220;13.653104999999982&#8243; _builder_version=&#8220;3.0.91&#8243; global_colors_info=&#8220;{}&#8220;][\/et_pb_map_pin][\/et_pb_map][\/et_pb_column][\/et_pb_row][\/et_pb_section][et_pb_section fb_built=&#8220;1&#8243; _builder_version=&#8220;3.0.91&#8243; background_color=&#8220;#c8c8c8&#8243; global_module=&#8220;444&#8243; global_colors_info=&#8220;{}&#8220;][et_pb_row _builder_version=&#8220;4.16&#8243; background_size=&#8220;initial&#8220; background_position=&#8220;top_left&#8220; background_repeat=&#8220;repeat&#8220; global_colors_info=&#8220;{}&#8220; column_structure=&#8220;1_3,1_3,1_3&#8243;][et_pb_column type=&#8220;1_3&#8243; _builder_version=&#8220;4.16&#8243; custom_padding=&#8220;|||&#8220; global_colors_info=&#8220;{}&#8220; custom_padding__hover=&#8220;|||&#8220;][et_pb_text _builder_version=&#8220;4.16&#8243; text_orientation=&#8220;center&#8220; global_colors_info=&#8220;{}&#8220;]<\/p>\n<h3 style=\"color: #162e2f;\">Adresse<\/h3>\n<p>Parkhotel del Mar<br \/>\nHauptstra\u00dfe 36<br \/>\n18546 Sassnitz<\/p>\n<p>Tel.: <a href=\"tel:+49383926950\">038392 &#8211; 69 50<\/a><br \/>\neMail: info@parkhotel-del-mar.de<\/p>\n<p>[\/et_pb_text][\/et_pb_column][et_pb_column type=&#8220;1_3&#8243; _builder_version=&#8220;4.16&#8243; custom_padding=&#8220;|||&#8220; global_colors_info=&#8220;{}&#8220; custom_padding__hover=&#8220;|||&#8220;][et_pb_text _builder_version=&#8220;4.16&#8243; text_orientation=&#8220;center&#8220; global_colors_info=&#8220;{}&#8220;]<\/p>\n<h3 style=\"color: #162e2f;\">Social Media<\/h3>\n<p>Folgen Sie uns auf Instagram<\/p>\n<p><a href=\"https:\/\/www.instagram.com\/parkhotel_del_mar_sassnitz\/?hl=de\" target=\"_blank\" rel=\"noopener\"><img decoding=\"async\" class=\"alignnone size-full wp-image-304\" src=\"\/wp-content\/uploads\/2020\/01\/glyph-logo-fill.png\" alt=\"Das Parkhotel del Mar auf instagram\" width=\"50\"><br \/>\n<\/a><\/p>\n<p>[\/et_pb_text][\/et_pb_column][et_pb_column type=&#8220;1_3&#8243; _builder_version=&#8220;4.16&#8243; custom_padding=&#8220;|||&#8220; global_colors_info=&#8220;{}&#8220; custom_padding__hover=&#8220;|||&#8220;][et_pb_text _builder_version=&#8220;4.16&#8243; text_orientation=&#8220;center&#8220; global_colors_info=&#8220;{}&#8220;]<\/p>\n<h3 style=\"color: #162e2f;\">Newsletter<\/h3>\n<p>Bleiben Sie immer auf dem<br \/>\nneusten Stand und verpassen Sie keines<br \/>\nunserer Angebote.<\/p>\n<div class=\"newsletter-footer\"><form method=\"post\" action=\"https:\/\/www.parkhotel-del-mar.de\/?na=s\"><input type=\"text\" name=\"ne\" value=\"\">\r\n<input type=\"submit\"><\/form><\/div>\n<p>[\/et_pb_text][\/et_pb_column][\/et_pb_row][\/et_pb_section]<\/p>\n","protected":false},"excerpt":{"rendered":"<p>Unsere Zimmer im \u00dcberblick Es sind oft die kleinen Dinge, die den gro\u00dfen Unterschied ausmachen: Die Liebe zum Detail, der individuelle Stil, eine Spur mehr F\u00fcrsorge und ein Hauch mehr Herzlichkeit. Zwischen dem gr\u00fcnen Jasmundpark und der blauen Ostsee liegt das familiengef\u00fchrte Parkhotel del Mar. Das komplett sanierte Patrizierhaus bietet 12 komfortable Doppelzimmer, 2 Einzelzimmer, [&hellip;]<\/p>\n","protected":false},"author":1,"featured_media":0,"parent":0,"menu_order":0,"comment_status":"closed","ping_status":"closed","template":"","meta":{"_et_pb_use_builder":"on","_et_pb_old_content":"","_et_gb_content_width":"","footnotes":""},"_links":{"self":[{"href":"https:\/\/www.parkhotel-del-mar.de\/index.php?rest_route=\/wp\/v2\/pages\/76"}],"collection":[{"href":"https:\/\/www.parkhotel-del-mar.de\/index.php?rest_route=\/wp\/v2\/pages"}],"about":[{"href":"https:\/\/www.parkhotel-del-mar.de\/index.php?rest_route=\/wp\/v2\/types\/page"}],"author":[{"embeddable":true,"href":"https:\/\/www.parkhotel-del-mar.de\/index.php?rest_route=\/wp\/v2\/users\/1"}],"replies":[{"embeddable":true,"href":"https:\/\/www.parkhotel-del-mar.de\/index.php?rest_route=%2Fwp%2Fv2%2Fcomments&post=76"}],"version-history":[{"count":52,"href":"https:\/\/www.parkhotel-del-mar.de\/index.php?rest_route=\/wp\/v2\/pages\/76\/revisions"}],"predecessor-version":[{"id":1064,"href":"https:\/\/www.parkhotel-del-mar.de\/index.php?rest_route=\/wp\/v2\/pages\/76\/revisions\/1064"}],"wp:attachment":[{"href":"https:\/\/www.parkhotel-del-mar.de\/index.php?rest_route=%2Fwp%2Fv2%2Fmedia&parent=76"}],"curies":[{"name":"wp","href":"https:\/\/api.w.org\/{rel}","templated":true}]}}