{"id":82,"date":"2017-12-08T10:46:37","date_gmt":"2017-12-08T09:46:37","guid":{"rendered":"https:\/\/www.parkhotel-del-mar.de\/?page_id=82"},"modified":"2019-07-06T16:27:52","modified_gmt":"2019-07-06T14:27:52","slug":"ruegen","status":"publish","type":"page","link":"https:\/\/www.parkhotel-del-mar.de\/?page_id=82","title":{"rendered":"R\u00fcgen"},"content":{"rendered":"<p>[et_pb_section bb_built=&#8220;1&#8243; fullwidth=&#8220;on&#8220; specialty=&#8220;off&#8220;][et_pb_fullwidth_image _builder_version=&#8220;3.0.91&#8243; src=&#8220;https:\/\/www.parkhotel-del-mar.de\/wp-content\/uploads\/2017\/12\/header-arra.jpg&#8220; show_in_lightbox=&#8220;off&#8220; url_new_window=&#8220;off&#8220; use_overlay=&#8220;off&#8220; \/][\/et_pb_section][et_pb_section bb_built=&#8220;1&#8243; fullwidth=&#8220;off&#8220; specialty=&#8220;off&#8220; _builder_version=&#8220;3.0.91&#8243; module_id=&#8220;buchungsleiste&#8220; global_module=&#8220;833&#8243;][et_pb_row global_parent=&#8220;833&#8243; _builder_version=&#8220;3.0.91&#8243; module_class=&#8220;quickbooking&#8220;][et_pb_column type=&#8220;4_4&#8243;][et_pb_code global_parent=&#8220;833&#8243; _builder_version=&#8220;3.0.91&#8243;]&lt;div id=&quot;d21-quickbook&quot;&gt;&lt;\/div&gt;[\/et_pb_code][\/et_pb_column][\/et_pb_row][\/et_pb_section][et_pb_section bb_built=&#8220;1&#8243; fullwidth=&#8220;off&#8220; specialty=&#8220;off&#8220;][et_pb_row][et_pb_column type=&#8220;2_3&#8243;][et_pb_text _builder_version=&#8220;3.0.91&#8243; background_layout=&#8220;light&#8220;]<\/p>\n<h1>R\u00fcgen<\/h1>\n<p>Unser Hotel ist der ideale Ausgangspunkt, um die sch\u00f6ne Insel R\u00fcgen zu erkunden.<\/p>\n<p>Sie k\u00f6nnen direkt vom Hotel aus zu den ber\u00fchmten&nbsp;<strong>Kreidefelsen<\/strong>&nbsp;wandern oder die romantische&nbsp;<strong>Altstadt<\/strong>&nbsp;und den&nbsp;<strong>Hafen an der langen Seepromenade<\/strong>&nbsp;besuchen.<br \/>\nDas Hotel liegt 10 km vom Neu Mukran Port entfernt.<\/p>\n<p>F\u00fcr die Organisation Ihrer Inselerkundungen stehen wir Ihnen gerne und fachkundig zur Seite.<\/p>\n<p>[\/et_pb_text][et_pb_button _builder_version=&#8220;3.0.91&#8243; button_text=&#8220;Kontaktieren Sie uns&#8220; url_new_window=&#8220;off&#8220; background_layout=&#8220;light&#8220; custom_button=&#8220;off&#8220; button_icon_placement=&#8220;right&#8220; button_url=&#8220;\/?page_id=84&#8243; \/][\/et_pb_column][et_pb_column type=&#8220;1_3&#8243;][et_pb_code _builder_version=&#8220;3.0.91&#8243; background_color=&#8220;#79b162&#8243; custom_css_main_element=&#8220;color:white;&#8220; module_class=&#8220;highlightbox&#8220; saved_tabs=&#8220;all&#8220; global_module=&#8220;741&#8243;]&lt;div class=&quot;highlightbox&#8211;center highlightbox&#8211;has-icon&quot;&gt;&lt;!&#8211; [et_pb_line_break_holder] &#8211;&gt;&lt;img src=&quot;wp-content\/uploads\/2017\/12\/Info.png&quot; alt=&quot;Information&quot; width=&quot;40px&quot; height=&quot;auto&quot;&gt;&lt;!&#8211; [et_pb_line_break_holder] &#8211;&gt;&lt;h2&gt;Was wir Ihnen bieten:&lt;\/h2&gt;&lt;!&#8211; [et_pb_line_break_holder] &#8211;&gt;&lt;\/div&gt;&lt;!&#8211; [et_pb_line_break_holder] &#8211;&gt;&lt;ul&gt;&lt;!&#8211; [et_pb_line_break_holder] &#8211;&gt;&lt;li&gt;&lt;img src=&quot;wp-content\/uploads\/2017\/12\/Regenschirm.png&quot; alt=&quot;800 m zum Ostseestrand&quot; width=&quot;15px&quot; height=&quot;auto&quot;&gt; 800 m zum Ostseestrand&lt;\/li&gt;&lt;!&#8211; [et_pb_line_break_holder] &#8211;&gt;&lt;li&gt;&lt;img src=&quot;wp-content\/uploads\/2017\/12\/Navigation.png&quot; alt=&quot;Zentrale Lage in der Altstadt am Park&quot; width=&quot;10px&quot; height=&quot;auto&quot; style=&quot;margin-right:5px;&quot;&gt; Zentral in der Altstadt am Park&lt;\/li&gt;&lt;!&#8211; [et_pb_line_break_holder] &#8211;&gt;&lt;li&gt;&lt;img src=&quot;wp-content\/uploads\/2017\/12\/Fahrrad.png&quot; alt=&quot;Fahrradfreundlich&quot; width=&quot;15px&quot; height=&quot;auto&quot;&gt; Fahrradfreundlich&lt;\/li&gt;&lt;!&#8211; [et_pb_line_break_holder] &#8211;&gt;&lt;li&gt;&lt;img src=&quot;wp-content\/uploads\/2017\/12\/WLAN.png&quot; alt=&quot;Kostenloses WLAN&quot; width=&quot;15px&quot; height=&quot;auto&quot;&gt; Kostenloses WLAN&lt;\/li&gt;&lt;!&#8211; [et_pb_line_break_holder] &#8211;&gt;&lt;li&gt;&lt;img src=&quot;wp-content\/uploads\/2017\/12\/Wellnessbereich.png&quot; alt=&quot;Wellnessbereich&quot; width=&quot;15px&quot; height=&quot;auto&quot;&gt; Wellnessbereich&lt;\/li&gt;&lt;!&#8211; [et_pb_line_break_holder] &#8211;&gt;&lt;li&gt;&lt;img src=&quot;wp-content\/uploads\/2017\/12\/barrierefreiheit.png&quot; alt=&quot;Behindertengerecht&quot; width=&quot;15px&quot; height=&quot;auto&quot;&gt; Barrierefreiheit&lt;\/li&gt;&lt;!&#8211; [et_pb_line_break_holder] &#8211;&gt;&lt;li&gt;&lt;img src=&quot;wp-content\/uploads\/2017\/12\/Nichtraucherhotel.png&quot; alt=&quot;Nichtraucherhotel&quot; width=&quot;15px&quot; height=&quot;auto&quot;&gt; Nichtraucherhotel&lt;\/li&gt;&lt;!&#8211; [et_pb_line_break_holder] &#8211;&gt;&lt;li&gt;&lt;img src=&quot;wp-content\/uploads\/2017\/12\/\u00d6ko-Strom.png&quot; alt=&quot;100% \u00d6ko-Strom&quot; width=&quot;15px&quot; height=&quot;auto&quot;&gt; 100% \u00d6ko-Strom&lt;\/li&gt;&lt;!&#8211; [et_pb_line_break_holder] &#8211;&gt;&lt;li&gt;&lt;img src=&quot;wp-content\/uploads\/2017\/12\/parkplatz.png&quot; alt=&quot;Parkplatz direkt am Haus&quot; width=&quot;11px&quot; height=&quot;auto&quot; style=&quot;margin-right:4px;&quot;&gt; Parkplatz direkt am Haus&lt;\/li&gt;&lt;!&#8211; [et_pb_line_break_holder] &#8211;&gt;&lt;li&gt;&lt;img src=&quot;wp-content\/uploads\/2017\/12\/fahrstuhl.png&quot; alt=&quot;Fahrstuhl&quot; width=&quot;13px&quot; height=&quot;auto&quot; style=&quot;margin-right:2px;&quot;&gt; Fahrstuhl&lt;\/li&gt;&lt;!&#8211; [et_pb_line_break_holder] &#8211;&gt;&lt;\/ul&gt;[\/et_pb_code][\/et_pb_column][\/et_pb_row][\/et_pb_section][et_pb_section bb_built=&#8220;1&#8243; fullwidth=&#8220;off&#8220; specialty=&#8220;off&#8220;][et_pb_row _builder_version=&#8220;3.0.91&#8243;][et_pb_column type=&#8220;4_4&#8243;][et_pb_gallery _builder_version=&#8220;3.0.91&#8243; show_title_and_caption=&#8220;off&#8220; show_pagination=&#8220;off&#8220; gallery_ids=&#8220;265,270,191,220,280,281,282,283&#8243; fullwidth=&#8220;off&#8220; orientation=&#8220;landscape&#8220; zoom_icon_color=&#8220;#79b162&#8243; hover_overlay_color=&#8220;rgba(255,255,255,0.9)&#8220; background_layout=&#8220;light&#8220; pagination_font_size_tablet=&#8220;51&#8243; pagination_line_height_tablet=&#8220;2&#8243; posts_number=&#8220;8&#8243; caption_font_size=&#8220;0px&#8220; \/][\/et_pb_column][\/et_pb_row][\/et_pb_section][et_pb_section bb_built=&#8220;1&#8243; fullwidth=&#8220;off&#8220; specialty=&#8220;off&#8220; _builder_version=&#8220;3.0.91&#8243; global_module=&#8220;489&#8243;][et_pb_row global_parent=&#8220;489&#8243; _builder_version=&#8220;3.0.91&#8243; module_class_1=&#8220;gray&#8211;box&#8220; module_class_2=&#8220;gray&#8211;box&#8220; module_class_3=&#8220;gray&#8211;box&#8220;][et_pb_column type=&#8220;1_3&#8243;][et_pb_image global_parent=&#8220;489&#8243; _builder_version=&#8220;3.0.91&#8243; src=&#8220;https:\/\/www.parkhotel-del-mar.de\/wp-content\/uploads\/2017\/12\/Gemuetliche_Zimmer.jpg&#8220; show_in_lightbox=&#8220;off&#8220; url_new_window=&#8220;off&#8220; use_overlay=&#8220;off&#8220; always_center_on_mobile=&#8220;on&#8220; force_fullwidth=&#8220;off&#8220; show_bottom_space=&#8220;on&#8220; module_class=&#8220;gray&#8211;box&#8211;img&#8220; \/][et_pb_text global_parent=&#8220;489&#8243; _builder_version=&#8220;3.0.91&#8243; background_layout=&#8220;light&#8220; module_class=&#8220;gray&#8211;box&#8211;content&#8220;]<\/p>\n<h3>Gem\u00fctliche Zimmer mit Wohlf\u00fchlcharakter<\/h3>\n<p>Ob Einzelzimmer, Doppelzimmer, Suite oder Appartement \u2013 alle unsere Zimmer sind mit hochwertigen M\u00f6beln ausgestattet.<\/p>\n<p>[\/et_pb_text][et_pb_text global_parent=&#8220;489&#8243; _builder_version=&#8220;3.0.91&#8243; background_layout=&#8220;light&#8220; module_class=&#8220;more&#8211;link gray&#8211;box&#8211;content&#8220;]<\/p>\n<p><a class=\"more--link-a\" href=\"\/?page_id=76\">Mehr &gt;<\/a><\/p>\n<p>[\/et_pb_text][\/et_pb_column][et_pb_column type=&#8220;1_3&#8243;][et_pb_image global_parent=&#8220;489&#8243; _builder_version=&#8220;3.0.91&#8243; src=&#8220;https:\/\/www.parkhotel-del-mar.de\/wp-content\/uploads\/2017\/12\/Sauna.jpg&#8220; show_in_lightbox=&#8220;off&#8220; url_new_window=&#8220;off&#8220; use_overlay=&#8220;off&#8220; always_center_on_mobile=&#8220;on&#8220; force_fullwidth=&#8220;off&#8220; show_bottom_space=&#8220;on&#8220; module_class=&#8220;gray&#8211;box&#8211;img&#8220; \/][et_pb_text global_parent=&#8220;489&#8243; _builder_version=&#8220;3.0.91&#8243; background_layout=&#8220;light&#8220; module_class=&#8220;gray&#8211;box&#8211;content&#8220;]<\/p>\n<h3>Entspannen in der Sauna und im Dampfbad<\/h3>\n<p>Genie\u00dfen Sie unseren neuen wundersch\u00f6nen Wellnessbereich mit Trockensauna, Dampfbad und Ruheraum.<\/p>\n<p>[\/et_pb_text][et_pb_text global_parent=&#8220;489&#8243; _builder_version=&#8220;3.0.91&#8243; background_layout=&#8220;light&#8220; module_class=&#8220;more&#8211;link gray&#8211;box&#8211;content&#8220;]<\/p>\n<p><a class=\"more--link-a\" href=\"\/?page_id=80\">Mehr &gt;<\/a><\/p>\n<p>[\/et_pb_text][\/et_pb_column][et_pb_column type=&#8220;1_3&#8243;][et_pb_image global_parent=&#8220;489&#8243; _builder_version=&#8220;3.0.91&#8243; src=&#8220;https:\/\/www.parkhotel-del-mar.de\/wp-content\/uploads\/2017\/12\/Unsere_Arrangements.jpg&#8220; show_in_lightbox=&#8220;off&#8220; url_new_window=&#8220;off&#8220; use_overlay=&#8220;off&#8220; always_center_on_mobile=&#8220;on&#8220; force_fullwidth=&#8220;off&#8220; show_bottom_space=&#8220;on&#8220; module_class=&#8220;green&#8211;box&#8211;img&#8220; \/][et_pb_text global_parent=&#8220;489&#8243; _builder_version=&#8220;3.0.91&#8243; background_layout=&#8220;light&#8220; module_class=&#8220;gray&#8211;box&#8211;content&#8220;]<\/p>\n<h3>Unsere Angebote &#8211; jetzt clever sparen!<\/h3>\n<p>Clever sparen mit unseren attraktiven Angebote! Gerne finden wir gemeinsam das passende Angebot f\u00fcr Sie.<\/p>\n<p>[\/et_pb_text][et_pb_text global_parent=&#8220;489&#8243; _builder_version=&#8220;3.0.91&#8243; background_layout=&#8220;light&#8220; module_class=&#8220;more&#8211;link gray&#8211;box&#8211;content&#8220;]<\/p>\n<p><a class=\"more--link-a\" href=\"\/?page_id=78\">Mehr &gt;<\/a><\/p>\n<p>[\/et_pb_text][\/et_pb_column][\/et_pb_row][\/et_pb_section][et_pb_section bb_built=&#8220;1&#8243; fullwidth=&#8220;off&#8220; specialty=&#8220;off&#8220;][et_pb_row][et_pb_column type=&#8220;4_4&#8243;][et_pb_map _builder_version=&#8220;3.0.91&#8243; address=&#8220;Hauptstra\u00dfe 36, 18546 Sassnitz, Deutschland&#8220; zoom_level=&#8220;16&#8243; address_lat=&#8220;54.518592&#8243; address_lng=&#8220;13.653104999999982&#8243; mouse_wheel=&#8220;on&#8220; mobile_dragging=&#8220;on&#8220; use_grayscale_filter=&#8220;off&#8220; saved_tabs=&#8220;all&#8220; global_module=&#8220;707&#8243;]<\/p>\n<p>[et_pb_map_pin _builder_version=&#8220;3.0.91&#8243; pin_address=&#8220;Hauptstra\u00dfe 36, 18546 Sassnitz, Deutschland&#8220; pin_address_lat=&#8220;54.518592&#8243; pin_address_lng=&#8220;13.653104999999982&#8243; \/]<\/p>\n<p>[\/et_pb_map][\/et_pb_column][\/et_pb_row][\/et_pb_section][et_pb_section bb_built=&#8220;1&#8243; fullwidth=&#8220;off&#8220; specialty=&#8220;off&#8220; _builder_version=&#8220;3.0.91&#8243; background_color=&#8220;#c8c8c8&#8243; global_module=&#8220;444&#8243;][et_pb_row global_parent=&#8220;444&#8243;][et_pb_column type=&#8220;1_3&#8243;][et_pb_text global_parent=&#8220;444&#8243; _builder_version=&#8220;3.0.91&#8243; background_layout=&#8220;light&#8220; text_orientation=&#8220;center&#8220;]<\/p>\n<h3 style=\"color: #162e2f;\">Adresse<\/h3>\n<p>Parkhotel del Mar<br \/>Hauptstra\u00dfe 36<br \/>18546 Sassnitz<\/p>\n<p>Tel.: <a href=\"tel:+49383926950\">038392 &#8211; 69 50<\/a><br \/>eMail: info@parkhotel-del-mar.de<\/p>\n<p>[\/et_pb_text][\/et_pb_column][et_pb_column type=&#8220;1_3&#8243;][et_pb_text global_parent=&#8220;444&#8243; _builder_version=&#8220;3.0.91&#8243; background_layout=&#8220;light&#8220; text_orientation=&#8220;center&#8220;]<\/p>\n<h3 style=\"color: #162e2f;\">Social Media<\/h3>\n<p>Folgen Sie uns auf Facebook<\/p>\n<p><a href=\"https:\/\/www.facebook.com\/pages\/Parkhotel-del-Mar-Sassnitz\/241877415836831\" target=\"_blank\" rel=\"noopener\"><img decoding=\"async\" loading=\"lazy\" class=\"alignnone size-full wp-image-304\" src=\"https:\/\/www.parkhotel-del-mar.de\/wp-content\/uploads\/2017\/12\/facebook.png\" alt=\"\" width=\"50\" height=\"200\" \/><br \/><\/a><\/p>\n<p>[\/et_pb_text][\/et_pb_column][et_pb_column type=&#8220;1_3&#8243;][et_pb_text global_parent=&#8220;444&#8243; _builder_version=&#8220;3.0.91&#8243; background_layout=&#8220;light&#8220; text_orientation=&#8220;center&#8220;]<\/p>\n<h3 style=\"color: #162e2f;\">Newsletter<\/h3>\n<p>Bleiben Sie immer auf dem<br \/>neusten Stand und verpassen Sie keines<br \/>unserer Angebote.<\/p>\n<div class=\"newsletter-footer\"><form method=\"post\" action=\"https:\/\/www.parkhotel-del-mar.de\/?na=s\"><input type=\"text\" name=\"ne\" value=\"\">\r\n<input type=\"submit\"><\/form><\/div>\n<p>[\/et_pb_text][\/et_pb_column][\/et_pb_row][\/et_pb_section]<\/p>\n","protected":false},"excerpt":{"rendered":"<p><div class=\"et_pb_row et_pb_row_0 et_pb_row_empty\">\n\t\t\t\t\n\t\t\t\t\n\t\t\t\t\n\t\t\t\t\n\t\t\t\t\n\t\t\t<\/div> R\u00fcgen Unser Hotel ist der ideale Ausgangspunkt, um die sch\u00f6ne Insel R\u00fcgen zu erkunden. Sie k\u00f6nnen direkt vom Hotel aus zu den ber\u00fchmten&nbsp;Kreidefelsen&nbsp;wandern oder die romantische&nbsp;Altstadt&nbsp;und den&nbsp;Hafen an der langen Seepromenade&nbsp;besuchen. Das Hotel liegt 10 km vom Neu Mukran Port entfernt. F\u00fcr die Organisation Ihrer Inselerkundungen stehen wir Ihnen gerne und fachkundig zur Seite. [&hellip;]<\/p>\n","protected":false},"author":1,"featured_media":0,"parent":0,"menu_order":0,"comment_status":"closed","ping_status":"closed","template":"","meta":{"_et_pb_use_builder":"on","_et_pb_old_content":"","_et_gb_content_width":"","footnotes":""},"_links":{"self":[{"href":"https:\/\/www.parkhotel-del-mar.de\/index.php?rest_route=\/wp\/v2\/pages\/82"}],"collection":[{"href":"https:\/\/www.parkhotel-del-mar.de\/index.php?rest_route=\/wp\/v2\/pages"}],"about":[{"href":"https:\/\/www.parkhotel-del-mar.de\/index.php?rest_route=\/wp\/v2\/types\/page"}],"author":[{"embeddable":true,"href":"https:\/\/www.parkhotel-del-mar.de\/index.php?rest_route=\/wp\/v2\/users\/1"}],"replies":[{"embeddable":true,"href":"https:\/\/www.parkhotel-del-mar.de\/index.php?rest_route=%2Fwp%2Fv2%2Fcomments&post=82"}],"version-history":[{"count":35,"href":"https:\/\/www.parkhotel-del-mar.de\/index.php?rest_route=\/wp\/v2\/pages\/82\/revisions"}],"predecessor-version":[{"id":942,"href":"https:\/\/www.parkhotel-del-mar.de\/index.php?rest_route=\/wp\/v2\/pages\/82\/revisions\/942"}],"wp:attachment":[{"href":"https:\/\/www.parkhotel-del-mar.de\/index.php?rest_route=%2Fwp%2Fv2%2Fmedia&parent=82"}],"curies":[{"name":"wp","href":"https:\/\/api.w.org\/{rel}","templated":true}]}}