{"id":86,"date":"2017-12-08T10:47:05","date_gmt":"2017-12-08T09:47:05","guid":{"rendered":"https:\/\/www.parkhotel-del-mar.de\/?page_id=86"},"modified":"2018-01-04T16:29:01","modified_gmt":"2018-01-04T15:29:01","slug":"impressum","status":"publish","type":"page","link":"https:\/\/www.parkhotel-del-mar.de\/?page_id=86","title":{"rendered":"Impressum"},"content":{"rendered":"<p>[et_pb_section bb_built=&#8220;1&#8243;][et_pb_row][et_pb_column type=&#8220;4_4&#8243;][et_pb_text _builder_version=&#8220;3.0.91&#8243; background_layout=&#8220;light&#8220;]<\/p>\n<h1>Impressum<\/h1>\n<h3>Parkhotel del Mar Julian Beuck e.K.<\/h3>\n<p>Hauptstra\u00dfe 36<br \/>\n18546 Sassnitz<\/p>\n<p>Tel. 038392 &#8211; 69 50<br \/>\nE-Mail: <a href=\"mailto:info@parkhotel-del-mar.de\">info@parkhotel-del-mar.de<\/a><\/p>\n<p>Inhaber: Julian Beuck<\/p>\n<p>Amtsgericht Stralsund HRA 20271<br \/>\nUmSt.-ID:&nbsp;DE314268169<\/p>\n<p>&nbsp;<\/p>\n<h4>Inhalt des Onlineangebotes (Disclaimer)<\/h4>\n<p>Das PARKHOTEL DEL MAR \u00fcbernimmt keinerlei Gew\u00e4hr f\u00fcr die Aktualit\u00e4t, Korrektheit, Vollst\u00e4ndigkeit oder Qualit\u00e4t der bereitgestellten Informationen. Haftungsanspr\u00fcche gegen das&nbsp; PARKHOTEL DEL MAR, die sich auf Sch\u00e4den materieller oder ideeller Art beziehen, welche durch die Nutzung oder Nichtnutzung der dargebotenen Informationen bzw. durch die Nutzung fehlerhafter und unvollst\u00e4ndiger Informationen verursacht wurden, sind grunds\u00e4tzlich ausgeschlossen, sofern seitens des PARKHOTEL DEL MAR kein nachweislich vors\u00e4tzliches oder grob fahrl\u00e4ssiges Verschulden vorliegt.<\/p>\n<p>Alle Angebote sind freibleibend und unverbindlich. Das PARKHOTEL DEL MAR beh\u00e4lt es sich ausdr\u00fccklich vor, Teile der Seiten oder das gesamte Angebot ohne gesonderte Ank\u00fcndigung zu ver\u00e4ndern, zu erg\u00e4nzen, zu l\u00f6schen oder die Ver\u00f6ffentlichung zeitweise oder endg\u00fcltig einzustellen.<\/p>\n<p>&nbsp;<\/p>\n<h4>Verweise und Links<\/h4>\n<p>Sofern auf Verweisziele (&#8222;Links&#8220;) direkt oder indirekt verwiesen wird, die au\u00dferhalb des Verantwortungsbereiches des PARKHOTEL DEL MAR liegen, haftet das PARKHOTEL DEL MAR nur dann, wenn sie von den Inhalten Kenntnis hat und es ihr technisch m\u00f6glich und zumutbar w\u00e4re, die Nutzung im Falle rechtswidriger Inhalte zu verhindern.<\/p>\n<p>F\u00fcr dar\u00fcber hinausgehende Inhalte und insbesondere f\u00fcr Sch\u00e4den, die aus der Nutzung oder Nichtnutzung solcherart dargebotener Informationen entstehen, haftet allein der Anbieter der Seite, auf welche verwiesen wurde, nicht derjenige, der \u00fcber Links auf die jeweilige Ver\u00f6ffentlichung lediglich verweist.<\/p>\n<p>Diese Einschr\u00e4nkung gilt gleicherma\u00dfen auch f\u00fcr Fremdeintr\u00e4ge in vom Autor eingerichteten G\u00e4steb\u00fcchern, Diskussionsforen und Mailinglisten.<\/p>\n<p>&nbsp;<\/p>\n<h4>Urheberrecht<\/h4>\n<p>Das PARKHOTEL DEL MAR ist bestrebt, in allen Publikationen die Urheberrechte der verwendeten Grafiken, Tondokumente, Videosequenzen und Texte zu beachten, von ihr selbst erstellte Grafiken, Tondokumente, Videosequenzen und Texte zu nutzen oder auf lizenzfreie Grafiken, Tondokumente, Videosequenzen und Texte zur\u00fcckzugreifen.<\/p>\n<p>Das Copyright f\u00fcr ver\u00f6ffentlichte, von dem PARKHOTEL DEL MAR selbst erstellte Objekte bleibt allein bei dem PARKHOTEL DEL MAR. Eine Vervielf\u00e4ltigung oder Verwendung solcher Grafiken, Tondokumente, Videosequenzen und Texte in anderen elektronischen oder gedruckten Publikationen ist ohne ausdr\u00fcckliche Zustimmung des PARKHOTEL DEL MAR nicht gestattet.<\/p>\n<p>&nbsp;<\/p>\n<h4>Rechtswirksamkeit dieses Haftungsausschlusses<\/h4>\n<p>Dieser Haftungsausschluss ist als Teil des Internetangebotes zu betrachten, von dem aus auf diese Seite verwiesen wurde.<\/p>\n<p>Sofern Teile oder einzelne Formulierungen dieses Textes der geltenden Rechtslage nicht, nicht mehr oder nicht vollst\u00e4ndig entsprechen sollten, bleiben die \u00fcbrigen Teile des Dokumentes in ihrem Inhalt und ihrer G\u00fcltigkeit davon unber\u00fchrt.<\/p>\n<p>&nbsp;<\/p>\n<h4>Pflichtinformation nach der Verordnung (EU) Nr. 524\/2013 des Europ\u00e4ischen Parlaments und Rats<\/h4>\n<p>Link zur Homepage der Stelle f\u00fcr die Online-Beilegung verbraucherrechtlicher Streitigkeiten der Europ\u00e4ischen Kommission:&nbsp;<a href=\"http:\/\/ec.europa.eu\/consumers\/odr\/\" target=\"_blank\" rel=\"noopener\">http:\/\/ec.europa.eu\/consumers\/odr\/<\/a>&nbsp;&#8211; weiterf\u00fchrende Informationen stehen Ihnen dort voraussichtlich ab dem 15.02.2016 zur Verf\u00fcgung. F\u00fcr erste Fragen zu einer m\u00f6glichen Streitschlichtung stehen wir Ihnen unter&nbsp;<span id=\"cloak87658\"><a href=\"mailto:hotel@hausammeer.de\">info@parkhotel-del-mar.de<\/a><\/span>&nbsp;zur Verf\u00fcgung.<\/p>\n<p>[\/et_pb_text][\/et_pb_column][\/et_pb_row][\/et_pb_section]<\/p>\n","protected":false},"excerpt":{"rendered":"<p><div class=\"et_pb_row et_pb_row_0 et_pb_row_empty\">\n\t\t\t\t\n\t\t\t\t\n\t\t\t\t\n\t\t\t\t\n\t\t\t\t\n\t\t\t<\/div> Impressum Parkhotel del Mar Julian Beuck e.K. Hauptstra\u00dfe 36 18546 Sassnitz Tel. 038392 &#8211; 69 50 E-Mail: info@parkhotel-del-mar.de Inhaber: Julian Beuck Amtsgericht Stralsund HRA 20271 UmSt.-ID:&nbsp;DE314268169 &nbsp; Inhalt des Onlineangebotes (Disclaimer) Das PARKHOTEL DEL MAR \u00fcbernimmt keinerlei Gew\u00e4hr f\u00fcr die Aktualit\u00e4t, Korrektheit, Vollst\u00e4ndigkeit oder Qualit\u00e4t der bereitgestellten Informationen. Haftungsanspr\u00fcche gegen das&nbsp; PARKHOTEL DEL MAR, [&hellip;]<\/p>\n","protected":false},"author":1,"featured_media":0,"parent":0,"menu_order":0,"comment_status":"closed","ping_status":"closed","template":"","meta":{"_et_pb_use_builder":"on","_et_pb_old_content":"","_et_gb_content_width":"","footnotes":""},"_links":{"self":[{"href":"https:\/\/www.parkhotel-del-mar.de\/index.php?rest_route=\/wp\/v2\/pages\/86"}],"collection":[{"href":"https:\/\/www.parkhotel-del-mar.de\/index.php?rest_route=\/wp\/v2\/pages"}],"about":[{"href":"https:\/\/www.parkhotel-del-mar.de\/index.php?rest_route=\/wp\/v2\/types\/page"}],"author":[{"embeddable":true,"href":"https:\/\/www.parkhotel-del-mar.de\/index.php?rest_route=\/wp\/v2\/users\/1"}],"replies":[{"embeddable":true,"href":"https:\/\/www.parkhotel-del-mar.de\/index.php?rest_route=%2Fwp%2Fv2%2Fcomments&post=86"}],"version-history":[{"count":7,"href":"https:\/\/www.parkhotel-del-mar.de\/index.php?rest_route=\/wp\/v2\/pages\/86\/revisions"}],"predecessor-version":[{"id":873,"href":"https:\/\/www.parkhotel-del-mar.de\/index.php?rest_route=\/wp\/v2\/pages\/86\/revisions\/873"}],"wp:attachment":[{"href":"https:\/\/www.parkhotel-del-mar.de\/index.php?rest_route=%2Fwp%2Fv2%2Fmedia&parent=86"}],"curies":[{"name":"wp","href":"https:\/\/api.w.org\/{rel}","templated":true}]}}