{"id":963,"date":"2020-05-26T13:48:34","date_gmt":"2020-05-26T11:48:34","guid":{"rendered":"https:\/\/www.parkhotel-del-mar.de\/?page_id=963"},"modified":"2020-05-26T14:06:34","modified_gmt":"2020-05-26T12:06:34","slug":"agb","status":"publish","type":"page","link":"https:\/\/www.parkhotel-del-mar.de\/?page_id=963","title":{"rendered":"AGB"},"content":{"rendered":"<p>[et_pb_section fb_built=&#8220;1&#8243; _builder_version=&#8220;3.0.47&#8243; custom_padding=&#8220;13px|0px|13px|0px&#8220;][et_pb_row _builder_version=&#8220;3.0.47&#8243; background_size=&#8220;initial&#8220; background_position=&#8220;top_left&#8220; background_repeat=&#8220;repeat&#8220;][et_pb_column type=&#8220;4_4&#8243; _builder_version=&#8220;3.0.47&#8243; parallax=&#8220;off&#8220; parallax_method=&#8220;on&#8220;][et_pb_text _builder_version=&#8220;3.0.91&#8243;]<\/p>\n<h1>AGB<\/h1>\n<p><strong>Allgemeine Gesch\u00e4ftsbedingungen f\u00fcr Hotel- und Angebotstleistungen des Parkhotel del Mar in Sassnitz.<\/strong><\/p>\n<p><strong> Folgende Gesch\u00e4ftsbedingungen gelten f\u00fcr die \u00dcberlassung von Hotelzimmern sowie f\u00fcr alle f\u00fcr den Kunden erbrachten weiteren Leistungen des folgenden Hotel genannt :<\/strong><\/p>\n<p>&nbsp;<\/p>\n<h3>I. Vertragsabschlu\u00df, K\u00fcndigung, R\u00fccktritt, Stornierung des Hotelaufnahmevertrags<\/h3>\n<p>1. Der Hotelaufnahmevertrag kommt zustande durch die Best\u00e4tigung einer Buchung seitens des Hotels bzw. durch Annahme eines Angebotes des Hotels durch den Kunden.<\/p>\n<p>2. Vertragspartner sind das Hotel und der Gast. Nimmt ein Dritter die Buchung f\u00fcr den Gast vor, haftet er dem Hotel gegen\u00fcber als Besteller zusammen mit dem Gast als Gesamtschuldner mit allen Verpflichtungen aus dem Vertrag, sofern dem Hotel eine entsprechende Erkl\u00e4rung des Bestellers vorliegt. Jeder Besteller ist verpflichtet, alle buchungsrelevanten Informationen, insbesondere diese Allgemeine Gesch\u00e4ftsbedingungen, an den Kunden weiterzuleiten<\/p>\n<p>3. Wird der Vertrag ganz oder teilweise vom Kunden durch Abbestellung gek\u00fcndigt, so muss das Hotel seine Zustimmung hierzu erteilen.\u20284. Wird die Vertragaufl\u00f6sung vom Hotel nicht akzeptiert, wird sich das Hotel bem\u00fchen, das\/die Zimmer weiterzuvermieten. Ist dem Hotel dies nicht m\u00f6glich, wird die Zahlung des vereinbarten Logispreises f\u00fcr den vertraglichen Zeitraum abz\u00fcglich der ersparten Aufwendungen f\u00e4llig.<\/p>\n<p>&nbsp;<\/p>\n<p><strong>Diese ersparten Aufwendungen betragen erfahrungsgem\u00e4\u00df<\/strong><\/p>\n<p>\u2022 bei \u00dcbernachtungen mit Fr\u00fchst\u00fcck .\/.20%,<\/p>\n<p>\u2022 Die Regelung gilt auch bei einer Reduzierung der bestellten Zimmeranzahl und\/oder der Aufenthaltsdauer.<\/p>\n<p>&nbsp;<\/p>\n<p><strong>Es gelten je Buchung folgende Stornobedingungen:<\/strong><\/p>\n<p>F\u00fcr alle Buchungen \u00fcber Online-Plattformen oder unsere Webseite gelten die jeweils dort angegeben Stornierungsbedingungen.<\/p>\n<p>F\u00fcr direkte Buchungen, sowie Gruppenbuchungen von 6 oder mehr Hotelzimmern, gelten die DEHOGA \u00fcblichen Konditionen:<\/p>\n<p><strong>bis zum 30. Tag vor Reiseantritt:<\/strong> Keine Geb\u00fchren<\/p>\n<p><strong>vom 29. bis 1. Tag:<\/strong> 80 % des Zimmerpreises<\/p>\n<p><strong>am Tag des Reisebeginns, bei Nichtantritt bzw. bei Stornierung nach Reisebeginn100% des Zimmerpreises<\/strong><\/p>\n<p>Der Anspruch bezieht sich auf die vereinbarten \u00dcbernachtungspreise inkl. Fr\u00fchst\u00fcck.<\/p>\n<p>Ein R\u00fccktritt des Kunden von dem mit dem Hotel geschlossenen Vertrag bedarf der schriftlichen Zustimmung des Hotels.<\/p>\n<p>Dem Kunden wird nat\u00fcrlich einger\u00e4umt, dem Hotel nachzuweisen, dass der tats\u00e4chlich entstandene Schaden geringer war oder \u00fcberhaupt kein Schaden entstanden ist.<\/p>\n<p>4. Die Unter- oder Weitervermietung der \u00fcberlassenen Zimmer sowie deren Nutzung zu anderen als Beherbergungszwecken bed\u00fcrfen der vorherigen schriftlichen Zustimmung des Hotels<\/p>\n<p>5. Das Hotel ist berechtigt, aus sachlich gerechtfertigtem Grund vom Vertrag zur\u00fcckzutreten, beispielsweise wenn h\u00f6here Gewalt oder andere vom Hotel nicht zu vertretende Umst\u00e4nde die Erf\u00fcllung des Vertrages unm\u00f6glich machen, Zimmer unter irref\u00fchrenden oder falschen Angaben wesentlicher Tatsachen, z.B. den Hotelgast oder den Zweck betreffend, gebucht wurden sowie wenn das Hotel begr\u00fcndeten Anlass zu der Annahme hat, dass die Inanspruchnahme der Hotelleistung den reibungslosen Gesch\u00e4ftsbetrieb, die Sicherheit oder den Ruf des Hotels gef\u00e4hrden k\u00f6nnen. Ist der R\u00fccktritt des Hotels berechtigt, hat der Kunde keinen Anspruch auf Schadensersatz.<\/p>\n<p>6. Information zu unserer Online-Buchungsmaske &#8211; Pflichtinformation nach Verordnung(EU) Nr. 524\/2013 des Europ\u00e4ischen Parlaments und Rats:<\/p>\n<p>F\u00fcr die Online-Beilegung verbraucherrechtlicher Streitigkeiten und weiterf\u00fchrende Informationen steht Ihnen folgende Stelle der Europ\u00e4ischen Kommission zur Verf\u00fcgung: <a href=\"http:\/\/ec.europa.eu\/consumers\/odr\">http:\/\/ec.europa.eu\/consumers\/odr<\/a><\/p>\n<p>&nbsp;<\/p>\n<h3>II. Anreise und Abreise<\/h3>\n<p>1. Das Hotel ist verpflichtet, die reservierten Zimmer am Anreisetag ab 15.00 Uhr zur Verf\u00fcgung zu stellen. Wann immer m\u00f6glich, werden Zimmer, falls notwendig, auch fr\u00fcher zur Verf\u00fcgung gestellt. Ein Anspruch auf eine fr\u00fchere \u00dcbergabe besteht nicht.<\/p>\n<p>2. Sofern nichts anderes vereinbart wurde, h\u00e4lt das Hotel reservierte Zimmer bis 18.00 Uhr frei. Danach steht es dem Hotel frei, Zimmer anderweitig zu vergeben.<\/p>\n<p>3. Gebuchte Zimmer stehen dem Gast am Abreisetag bis 10.00 Uhr zur Verf\u00fcgung. Verl\u00e4sst der Gast das Zimmer erst nach 10.00 Uhr, kann das Hotel bei einer zur Verf\u00fcgungstellung bis 16.00 Uhr 50%, ab 16.00 Uhr 100% des Logispreises f\u00fcr diesen Tag zus\u00e4tzlich verlangen.<\/p>\n<p>4. Reserviert der Kunde nicht die Gesamtzimmerzahl des Hotels, so kann er keinen Anspruch auf die Nutzung bestimmter Hotelzimmer und\/oder R\u00e4umlichkeiten erheben. Der Kunde erwirbt nur einen Anspruch auf die entsprechend zugesagte Kategorie.<\/p>\n<p>5. Soweit dem Kunden ein Stellplatz auf dem Hotelparkplatz oder in der Tiefgarage, auch gegen Entgelt, zur Verf\u00fcgung gestellt wird, begr\u00fcndet dies keine vertraglichen Verpflichtungen des Hotels. Auf dem gesamten Hotelgel\u00e4nde gilt die StVO.<\/p>\n<p>&nbsp;<\/p>\n<h3>III. Vertrag \u00fcber andere vereinbarte Leistungen<\/h3>\n<p>Bei anderen bestellten Leistungen wie Raummieten und\/oder vereinbarten Ums\u00e4tzen von Speisen und Getr\u00e4nken \u2013 z.B. bei Veranstaltungen- gelten nachstehende Bedingungen:<\/p>\n<p>1. Der Kunde hat dem Hotel sp\u00e4testens zwei Werktage vor der Leistungserbringung die Anzahl der Teilnehmer mitzuteilen. Kommen weniger Teilnehmer als vereinbart, hat der Kunde gem\u00e4\u00df der vereinbarten Anzahl Zahlung zu leisten. Kommen mehr Teilnehmer, wird nach dieser Teilnehmerzahl abgerechnet.<\/p>\n<p>&nbsp;<\/p>\n<h3>IV. Preiserh\u00f6hungen, Zahlung, Erf\u00fcllungsort<\/h3>\n<p>1. Die vereinbarten Preise schlie\u00dfen die gesetzliche Mehrwertsteuer ein. Eine Erh\u00f6hung der Mehrwertsteuer nach Vertragsabschlu\u00df geht zu Lasten des Kunden.<\/p>\n<p>2. Das Hotel ist berechtigt, eine Zahlung in H\u00f6he der vertraglichen Festlegung im voraus bei Anreise des Kunden im Hotel zu verlangen. Rechnungen des Hotels sind sofort nach Zugang ohne Abzug zahlbar. Der Gast kommt (im Sinne von \u00a7 286 Abs. 3, Satz 1 BGB) sp\u00e4testens in Verzug, wenn er nicht innerhalb von 30 Tagen nach F\u00e4lligkeit und Zugang einer Rechnung Zahlung leistet. Andere Zahlungstermine sind im Vertrag festzulegen. Aufgelaufene Forderungen k\u00f6nnen jederzeit f\u00e4llig gestellt und unverz\u00fcgliche Zahlung verlangt werden. F\u00fcr jede Mahnung nach Verzugseintritt kann das Hotel eine Mahngeb\u00fchr von \u20ac 5,00 erheben.<\/p>\n<p>3. Bei Zahlungsverzug ist das Hotel berechtigt, f\u00fcr den ausstehenden Rechnungsbetrag Zinsen in H\u00f6he von 5% \u00fcber dem jeweiligen Basiszinssatz der Deutschen Bundesbank zu verlangen. Dem Kunden bleibt der Nachweis eines geringeren, dem Hotel der Nachweis eines h\u00f6heren Schadens vorbehalten.<\/p>\n<p>4. Der Kunde kann nur mit einer unstreitigen oder rechtskr\u00e4ftigen Forderung gegen\u00fcber einer Forderung des Hotels aufrechnen oder mindern.<\/p>\n<p>5. Erf\u00fcllungs- und Zahlungsort ist der Sitz des gebuchten Hotels.<\/p>\n<p>&nbsp;<\/p>\n<h3>V. Fremdleistungen<\/h3>\n<p>Neben den Hotelleistungen k\u00f6nnen dem Kunden Fremdleistungen vermittelt werden, z.B. Sportkurse, Besuche von Veranstaltungen sowie Ausfl\u00fcge usw. Fremdleistungen werden nicht vom Hotel durchgef\u00fchrt, sondern von Dritten (Leistungserbringern) in eigener Verantwortung erbracht.<\/p>\n<p>Einzelne Angebote der Arrangements oder Festtagswochen k\u00f6nnen \u00c4nderungen unterliegen. Bei \u00c4nderungen ist das Hotel bem\u00fcht, gleichwertigen Ersatz zu beschaffen. Sollte eine durch das Hotel im Rahmen eines Arrangements angebotene Leistung Dritter nicht erbracht werden k\u00f6nnen, wird diese Leistung im Paket nicht berechnet. Werden von uns angebotene Termine durch den Gast nicht in Anspruch genommen, gilt die Leistung als erbracht.<\/p>\n<p>&nbsp;<\/p>\n<h3>VI. Haftung \/ Verj\u00e4hrung<\/h3>\n<p>1. Das Hotel haftet im Bereich der eigenen Leistungserbringung im Rahmen der gesetzlichen Bestimmungen. Schadensersatzanspr\u00fcche aus positiver Forderungsverletzung, aus Verschulden bei Vertragsabschlu\u00df und aus unerlaubter Handlung sind sowohl gegen das Hotel als auch gegen sein Personal beschr\u00e4nkt auf Sch\u00e4den, die vors\u00e4tzlich und grob fahrl\u00e4ssig verursacht wurden.<\/p>\n<p>2. Die Verj\u00e4hrungsfrist betr\u00e4gt f\u00fcr Anspr\u00fcche des Kunden gegen das Hotel sechs Monate nach Erbringung der vertraglich vereinbarten Hotelleistung. Die kurze Verj\u00e4hrungsfrist gilt zugunsten des Hotels auch bei Anspr\u00fcchen aus culpa in contrahendo, positiver Vertragsverletzung und unerlaubter Handlung.<\/p>\n<p>3. F\u00fcr Fremdleistungen i.S. der Ziffer V wird kein Gew\u00e4hr und\/oder Haftung \u00fcbernommen.<\/p>\n<p>4. Die Aufbewahrung von Wertsachen kann im Hotelsafe erfolgen. Das Hotel empfiehlt, von dieser M\u00f6glichkeit Gebrauch zu machen.<\/p>\n<p>5. Das Hotel haftet bei Abhandenkommen oder Besch\u00e4digungen an einem auf dem Hotelgrundst\u00fcck abgestellten Kraftfahrzeug und\/oder f\u00fcr dessen Inhalt nicht. Ein Verwahrungsvertrag kommt nicht zustande. Eine Bewachung findet nicht statt. \u2028\u2028VII. Schwimmbad- und Saunanutzung\u2028Die Nutzung von Schwimmbad und Sauna ist f\u00fcr die Hotelg\u00e4ste kostenfrei, ohne finanziellen Ausgleich bei Nichtnutzung oder Schlie\u00dfung jeglicher Art.<\/p>\n<p>&nbsp;<\/p>\n<h3>VIII. Schlussbestimmungen<\/h3>\n<p>1. F\u00fcr etwaige Streitigkeiten aus diesem Vertag und seiner Erf\u00fcllung wird, soweit gesetzlich zul\u00e4ssig, die Zust\u00e4ndigkeit des f\u00fcr den Sitz des Hotels zust\u00e4ndigen Gerichts vereinbart.<\/p>\n<p>2. Sollten einzelne Bestimmungen dieser Allgemeinen Gesch\u00e4ftsbedingungen unwirksam oder nichtig sein, so wird dadurch die Wirksamkeit der \u00fcbrigen Bestimmung nicht ber\u00fchrt. Im \u00dcbrigen gelten die gesetzlichen Vorschriften.<\/p>\n<p>Der Unternehmer verpflichtet sich nicht, an Streitbeilegungsverfahren vor einer Verbraucherschlichtungsstelle teilzunehmen.<\/p>\n<p>[\/et_pb_text][\/et_pb_column][\/et_pb_row][\/et_pb_section]<\/p>\n","protected":false},"excerpt":{"rendered":"<p>AGB Allgemeine Gesch\u00e4ftsbedingungen f\u00fcr Hotel- und Angebotstleistungen des Parkhotel del Mar in Sassnitz. Folgende Gesch\u00e4ftsbedingungen gelten f\u00fcr die \u00dcberlassung von Hotelzimmern sowie f\u00fcr alle f\u00fcr den Kunden erbrachten weiteren Leistungen des folgenden Hotel genannt : &nbsp; I. Vertragsabschlu\u00df, K\u00fcndigung, R\u00fccktritt, Stornierung des Hotelaufnahmevertrags 1. Der Hotelaufnahmevertrag kommt zustande durch die Best\u00e4tigung einer Buchung seitens des [&hellip;]<\/p>\n","protected":false},"author":1,"featured_media":0,"parent":0,"menu_order":0,"comment_status":"closed","ping_status":"closed","template":"","meta":{"_et_pb_use_builder":"on","_et_pb_old_content":"<h1>AGB<\/h1>\r\nAllgemeine Gesch\u00e4ftsbedingungen f\u00fcr Hotel- und Angebotstleistungen des Parkhotel del Mar in Sassnitz.\r\nFolgende Gesch\u00e4ftsbedingungen gelten f\u00fcr die \u00dcberlassung von Hotelzimmern sowie f\u00fcr alle f\u00fcr den Kunden erbrachten weiteren Leistungen des folgenden Hotel genannt :\r\n<h3>I. Vertragsabschlu\u00df, K\u00fcndigung, R\u00fccktritt, Stornierung des Hotelaufnahmevertrags<\/h3>\r\n1. Der Hotelaufnahmevertrag kommt zustande durch die Best\u00e4tigung einer Buchung seitens des Hotels bzw. durch Annahme eines Angebotes des Hotels durch den Kunden.\r\n\r\n2. Vertragspartner sind das Hotel und der Gast. Nimmt ein Dritter die Buchung f\u00fcr den Gast vor, haftet er dem Hotel gegen\u00fcber als Besteller zusammen mit dem Gast als Gesamtschuldner mit allen Verpflichtungen aus dem Vertrag, sofern dem Hotel eine entsprechende Erkl\u00e4rung des Bestellers vorliegt. Jeder Besteller ist verpflichtet, alle buchungsrelevanten Informationen, insbesondere diese Allgemeine Gesch\u00e4ftsbedingungen, an den Kunden weiterzuleiten\r\n\r\n3. Wird der Vertrag ganz oder teilweise vom Kunden durch Abbestellung gek\u00fcndigt, so muss das Hotel seine Zustimmung hierzu erteilen.\u20284. Wird die Vertragaufl\u00f6sung vom Hotel nicht akzeptiert, wird sich das Hotel bem\u00fchen, das\/die Zimmer weiterzuvermieten. Ist dem Hotel dies nicht m\u00f6glich, wird die Zahlung des vereinbarten Logispreises f\u00fcr den vertraglichen Zeitraum abz\u00fcglich der ersparten Aufwendungen f\u00e4llig.\r\n\r\nDiese ersparten Aufwendungen betragen erfahrungsgem\u00e4\u00df\r\n\r\n\u2022 bei \u00dcbernachtungen mit Fr\u00fchst\u00fcck .\/.20%,\r\n\r\n\u2022 Die Regelung gilt auch bei einer Reduzierung der bestellten Zimmeranzahl und\/oder der Aufenthaltsdauer.\r\n\r\nEs gelten je Buchung folgende Stornobedingungen:\r\n\r\nF\u00fcr alle Buchungen \u00fcber Online-Plattformen oder unsere Webseite gelten die jeweils dort angegeben Stornierungsbedingungen.\r\n\r\nF\u00fcr direkte Buchungen, sowie Gruppenbuchungen von 6 oder mehr Hotelzimmern, gelten die DEHOGA \u00fcblichen Konditionen:\r\n\r\nbis zum 30. Tag vor Reiseantritt: Keine Geb\u00fchren\r\n\r\nvom 29. bis 1. Tag: 80 % des Zimmerpreises\r\n\r\nam Tag des Reisebeginns, bei Nichtantritt bzw. bei Stornierung nach Reisebeginn100% des Zimmerpreises\r\n\r\nDer Anspruch bezieht sich auf die vereinbarten \u00dcbernachtungspreise inkl. Fr\u00fchst\u00fcck.\r\n\r\nEin R\u00fccktritt des Kunden von dem mit dem Hotel geschlossenen Vertrag bedarf der schriftlichen Zustimmung des Hotels.\r\n\r\nDem Kunden wird nat\u00fcrlich einger\u00e4umt, dem Hotel nachzuweisen, dass der tats\u00e4chlich entstandene Schaden geringer war oder \u00fcberhaupt kein Schaden entstanden ist.\r\n4. Die Unter- oder Weitervermietung der \u00fcberlassenen Zimmer sowie deren Nutzung zu anderen als Beherbergungszwecken bed\u00fcrfen der vorherigen schriftlichen Zustimmung des Hotels\r\n5. Das Hotel ist berechtigt, aus sachlich gerechtfertigtem Grund vom Vertrag zur\u00fcckzutreten, beispielsweise wenn h\u00f6here Gewalt oder andere vom Hotel nicht zu vertretende Umst\u00e4nde die Erf\u00fcllung des Vertrages unm\u00f6glich machen, Zimmer unter irref\u00fchrenden oder falschen Angaben wesentlicher Tatsachen, z.B. den Hotelgast oder den Zweck betreffend, gebucht wurden sowie wenn das Hotel begr\u00fcndeten Anlass zu der Annahme hat, dass die Inanspruchnahme der Hotelleistung den reibungslosen Gesch\u00e4ftsbetrieb, die Sicherheit oder den Ruf des Hotels gef\u00e4hrden k\u00f6nnen. Ist der R\u00fccktritt des Hotels berechtigt, hat der Kunde keinen Anspruch auf Schadensersatz.\r\n6. Information zu unserer Online-Buchungsmaske - Pflichtinformation nach Verordnung(EU) Nr. 524\/2013 des Europ\u00e4ischen Parlaments und Rats:\r\n\r\nF\u00fcr die Online-Beilegung verbraucherrechtlicher Streitigkeiten und weiterf\u00fchrende Informationen steht Ihnen folgende Stelle der Europ\u00e4ischen Kommission zur Verf\u00fcgung: http:\/\/ec.europa.eu\/consumers\/odr\r\n<h3>II. Anreise und Abreise<\/h3>\r\n1. Das Hotel ist verpflichtet, die reservierten Zimmer am Anreisetag ab 15.00 Uhr zur Verf\u00fcgung zu stellen. Wann immer m\u00f6glich, werden Zimmer, falls notwendig, auch fr\u00fcher zur Verf\u00fcgung gestellt. Ein Anspruch auf eine fr\u00fchere \u00dcbergabe besteht nicht.\r\n\r\n2. Sofern nichts anderes vereinbart wurde, h\u00e4lt das Hotel reservierte Zimmer bis 18.00 Uhr frei. Danach steht es dem Hotel frei, Zimmer anderweitig zu vergeben.\r\n\r\n3. Gebuchte Zimmer stehen dem Gast am Abreisetag bis 10.00 Uhr zur Verf\u00fcgung. Verl\u00e4sst der Gast das Zimmer erst nach 10.00 Uhr, kann das Hotel bei einer zur Verf\u00fcgungstellung bis 16.00 Uhr 50%, ab 16.00 Uhr 100% des Logispreises f\u00fcr diesen Tag zus\u00e4tzlich verlangen.\r\n\r\n4. Reserviert der Kunde nicht die Gesamtzimmerzahl des Hotels, so kann er keinen Anspruch auf die Nutzung bestimmter Hotelzimmer und\/oder R\u00e4umlichkeiten erheben. Der Kunde erwirbt nur einen Anspruch auf die entsprechend zugesagte Kategorie.\r\n\r\n5. Soweit dem Kunden ein Stellplatz auf dem Hotelparkplatz oder in der Tiefgarage, auch gegen Entgelt, zur Verf\u00fcgung gestellt wird, begr\u00fcndet dies keine vertraglichen Verpflichtungen des Hotels. Auf dem gesamten Hotelgel\u00e4nde gilt die StVO.\r\n<h3>III. Vertrag \u00fcber andere vereinbarte Leistungen<\/h3>\r\nBei anderen bestellten Leistungen wie Raummieten und\/oder vereinbarten Ums\u00e4tzen von Speisen und Getr\u00e4nken \u2013 z.B. bei Veranstaltungen- gelten nachstehende Bedingungen:\r\n\r\n1. Der Kunde hat dem Hotel sp\u00e4testens zwei Werktage vor der Leistungserbringung die Anzahl der Teilnehmer mitzuteilen. Kommen weniger Teilnehmer als vereinbart, hat der Kunde gem\u00e4\u00df der vereinbarten Anzahl Zahlung zu leisten. Kommen mehr Teilnehmer, wird nach dieser Teilnehmerzahl abgerechnet.\r\n<h3>IV. Preiserh\u00f6hungen, Zahlung, Erf\u00fcllungsort<\/h3>\r\n1. Die vereinbarten Preise schlie\u00dfen die gesetzliche Mehrwertsteuer ein. Eine Erh\u00f6hung der Mehrwertsteuer nach Vertragsabschlu\u00df geht zu Lasten des Kunden.\r\n\r\n2. Das Hotel ist berechtigt, eine Zahlung in H\u00f6he der vertraglichen Festlegung im voraus bei Anreise des Kunden im Hotel zu verlangen. Rechnungen des Hotels sind sofort nach Zugang ohne Abzug zahlbar. Der Gast kommt (im Sinne von \u00a7 286 Abs. 3, Satz 1 BGB) sp\u00e4testens in Verzug, wenn er nicht innerhalb von 30 Tagen nach F\u00e4lligkeit und Zugang einer Rechnung Zahlung leistet. Andere Zahlungstermine sind im Vertrag festzulegen. Aufgelaufene Forderungen k\u00f6nnen jederzeit f\u00e4llig gestellt und unverz\u00fcgliche Zahlung verlangt werden. F\u00fcr jede Mahnung nach Verzugseintritt kann das Hotel eine Mahngeb\u00fchr von \u20ac 5,00 erheben.\r\n\r\n3. Bei Zahlungsverzug ist das Hotel berechtigt, f\u00fcr den ausstehenden Rechnungsbetrag Zinsen in H\u00f6he von 5% \u00fcber dem jeweiligen Basiszinssatz der Deutschen Bundesbank zu verlangen. Dem Kunden bleibt der Nachweis eines geringeren, dem Hotel der Nachweis eines h\u00f6heren Schadens vorbehalten.\r\n\r\n4. Der Kunde kann nur mit einer unstreitigen oder rechtskr\u00e4ftigen Forderung gegen\u00fcber einer Forderung des Hotels aufrechnen oder mindern.\r\n\r\n5. Erf\u00fcllungs- und Zahlungsort ist der Sitz des gebuchten Hotels.\r\n<h3>V. Fremdleistungen<\/h3>\r\nNeben den Hotelleistungen k\u00f6nnen dem Kunden Fremdleistungen vermittelt werden, z.B. Sportkurse, Besuche von Veranstaltungen sowie Ausfl\u00fcge usw. Fremdleistungen werden nicht vom Hotel durchgef\u00fchrt, sondern von Dritten (Leistungserbringern) in eigener Verantwortung erbracht.\r\n\r\nEinzelne Angebote der Arrangements oder Festtagswochen k\u00f6nnen \u00c4nderungen unterliegen. Bei \u00c4nderungen ist das Hotel bem\u00fcht, gleichwertigen Ersatz zu beschaffen. Sollte eine durch das Hotel im Rahmen eines Arrangements angebotene Leistung Dritter nicht erbracht werden k\u00f6nnen, wird diese Leistung im Paket nicht berechnet. Werden von uns angebotene Termine durch den Gast nicht in Anspruch genommen, gilt die Leistung als erbracht.\r\n<h3>VI. Haftung \/ Verj\u00e4hrung<\/h3>\r\n1. Das Hotel haftet im Bereich der eigenen Leistungserbringung im Rahmen der gesetzlichen Bestimmungen. Schadensersatzanspr\u00fcche aus positiver Forderungsverletzung, aus Verschulden bei Vertragsabschlu\u00df und aus unerlaubter Handlung sind sowohl gegen das Hotel als auch gegen sein Personal beschr\u00e4nkt auf Sch\u00e4den, die vors\u00e4tzlich und grob fahrl\u00e4ssig verursacht wurden.\r\n\r\n2. Die Verj\u00e4hrungsfrist betr\u00e4gt f\u00fcr Anspr\u00fcche des Kunden gegen das Hotel sechs Monate nach Erbringung der vertraglich vereinbarten Hotelleistung. Die kurze Verj\u00e4hrungsfrist gilt zugunsten des Hotels auch bei Anspr\u00fcchen aus culpa in contrahendo, positiver Vertragsverletzung und unerlaubter Handlung.\r\n\r\n3. F\u00fcr Fremdleistungen i.S. der Ziffer V wird kein Gew\u00e4hr und\/oder Haftung \u00fcbernommen.\r\n\r\n4. Die Aufbewahrung von Wertsachen kann im Hotelsafe erfolgen. Das Hotel empfiehlt, von dieser M\u00f6glichkeit Gebrauch zu machen.\r\n\r\n5. Das Hotel haftet bei Abhandenkommen oder Besch\u00e4digungen an einem auf dem Hotelgrundst\u00fcck abgestellten Kraftfahrzeug und\/oder f\u00fcr dessen Inhalt nicht. Ein Verwahrungsvertrag kommt nicht zustande. Eine Bewachung findet nicht statt. \u2028\u2028VII. Schwimmbad- und Saunanutzung\u2028Die Nutzung von Schwimmbad und Sauna ist f\u00fcr die Hotelg\u00e4ste kostenfrei, ohne finanziellen Ausgleich bei Nichtnutzung oder Schlie\u00dfung jeglicher Art.\r\n<h3>VIII. Schlussbestimmungen<\/h3>\r\n1. F\u00fcr etwaige Streitigkeiten aus diesem Vertag und seiner Erf\u00fcllung wird, soweit gesetzlich zul\u00e4ssig, die Zust\u00e4ndigkeit des f\u00fcr den Sitz des Hotels zust\u00e4ndigen Gerichts vereinbart.\r\n\r\n2. Sollten einzelne Bestimmungen dieser Allgemeinen Gesch\u00e4ftsbedingungen unwirksam oder nichtig sein, so wird dadurch die Wirksamkeit der \u00fcbrigen Bestimmung nicht ber\u00fchrt. Im \u00dcbrigen gelten die gesetzlichen Vorschriften.\r\n\r\nDer Unternehmer verpflichtet sich nicht, an Streitbeilegungsverfahren vor einer Verbraucherschlichtungsstelle teilzunehmen.","_et_gb_content_width":"","footnotes":""},"_links":{"self":[{"href":"https:\/\/www.parkhotel-del-mar.de\/index.php?rest_route=\/wp\/v2\/pages\/963"}],"collection":[{"href":"https:\/\/www.parkhotel-del-mar.de\/index.php?rest_route=\/wp\/v2\/pages"}],"about":[{"href":"https:\/\/www.parkhotel-del-mar.de\/index.php?rest_route=\/wp\/v2\/types\/page"}],"author":[{"embeddable":true,"href":"https:\/\/www.parkhotel-del-mar.de\/index.php?rest_route=\/wp\/v2\/users\/1"}],"replies":[{"embeddable":true,"href":"https:\/\/www.parkhotel-del-mar.de\/index.php?rest_route=%2Fwp%2Fv2%2Fcomments&post=963"}],"version-history":[{"count":8,"href":"https:\/\/www.parkhotel-del-mar.de\/index.php?rest_route=\/wp\/v2\/pages\/963\/revisions"}],"predecessor-version":[{"id":973,"href":"https:\/\/www.parkhotel-del-mar.de\/index.php?rest_route=\/wp\/v2\/pages\/963\/revisions\/973"}],"wp:attachment":[{"href":"https:\/\/www.parkhotel-del-mar.de\/index.php?rest_route=%2Fwp%2Fv2%2Fmedia&parent=963"}],"curies":[{"name":"wp","href":"https:\/\/api.w.org\/{rel}","templated":true}]}}